{"id":2565,"date":"2025-05-23T10:28:17","date_gmt":"2025-05-23T08:28:17","guid":{"rendered":"https:\/\/vialade.fr\/?page_id=2565"},"modified":"2025-05-23T10:28:17","modified_gmt":"2025-05-23T08:28:17","slug":"white-2","status":"publish","type":"page","link":"https:\/\/vialade.fr\/en\/our-mushrooms\/the-savages\/white-2\/","title":{"rendered":"White"},"content":{"rendered":"\t\t<div data-elementor-type=\"wp-page\" data-elementor-id=\"2565\" class=\"elementor elementor-2565 elementor-2564\" data-elementor-post-type=\"page\">\n\t\t\t\t<div class=\"elementor-element elementor-element-2eebff3 e-flex e-con-boxed e-con e-parent\" data-id=\"2eebff3\" data-element_type=\"container\" data-e-type=\"container\">\n\t\t\t\t\t<div class=\"e-con-inner\">\n\t\t<div class=\"elementor-element elementor-element-7a6983e e-con-full e-flex e-con e-child\" data-id=\"7a6983e\" data-element_type=\"container\" data-e-type=\"container\">\n\t\t\t\t<div class=\"elementor-element elementor-element-e4ada79 elementor-invisible elementor-widget elementor-widget-heading\" data-id=\"e4ada79\" data-element_type=\"widget\" data-e-type=\"widget\" data-settings=\"{&quot;_animation&quot;:&quot;fadeInDown&quot;}\" data-widget_type=\"heading.default\">\n\t\t\t\t<div class=\"elementor-widget-container\">\n\t\t\t\t\t<h2 class=\"elementor-heading-title elementor-size-default\">Natural compost...<\/h2>\t\t\t\t<\/div>\n\t\t\t\t<\/div>\n\t\t\t\t<\/div>\n\t\t\t\t\t<\/div>\n\t\t\t\t<\/div>\n\t\t<div class=\"elementor-element elementor-element-1641e806 e-con-full e-flex e-con e-parent\" data-id=\"1641e806\" data-element_type=\"container\" data-e-type=\"container\" data-settings=\"{&quot;background_background&quot;:&quot;classic&quot;,&quot;background_motion_fx_motion_fx_mouse&quot;:&quot;yes&quot;}\">\n\t\t<div class=\"elementor-element elementor-element-224a2a38 e-con-full e-flex elementor-invisible e-con e-child\" data-id=\"224a2a38\" data-element_type=\"container\" data-e-type=\"container\" data-settings=\"{&quot;background_background&quot;:&quot;classic&quot;,&quot;animation&quot;:&quot;fadeInLeft&quot;}\">\n\t\t\t\t<div class=\"elementor-element elementor-element-4637c300 elementor-widget elementor-widget-n-accordion\" data-id=\"4637c300\" data-element_type=\"widget\" data-e-type=\"widget\" data-settings=\"{&quot;default_state&quot;:&quot;expanded&quot;,&quot;max_items_expended&quot;:&quot;one&quot;,&quot;n_accordion_animation_duration&quot;:{&quot;unit&quot;:&quot;ms&quot;,&quot;size&quot;:400,&quot;sizes&quot;:[]}}\" data-widget_type=\"nested-accordion.default\">\n\t\t\t\t<div class=\"elementor-widget-container\">\n\t\t\t\t\t\t\t<div class=\"e-n-accordion\" aria-label=\"Accordion. Open links with Enter or Space, close with Escape, and navigate with Arrow Keys\">\n\t\t\t\t\t\t<details id=\"e-n-accordion-item-1170\" class=\"e-n-accordion-item\" open>\n\t\t\t\t<summary class=\"e-n-accordion-item-title\" data-accordion-index=\"1\" tabindex=\"0\" aria-expanded=\"true\" aria-controls=\"e-n-accordion-item-1170\" >\n\t\t\t\t\t<span class='e-n-accordion-item-title-header'><div class=\"e-n-accordion-item-title-text\"> How can you recognize me? <\/div><\/span>\n\t\t\t\t\t\t\t<span class='e-n-accordion-item-title-icon'>\n\t\t\t<span class='e-opened' ><svg aria-hidden=\"true\" class=\"e-font-icon-svg e-fas-chevron-up\" viewBox=\"0 0 448 512\" xmlns=\"http:\/\/www.w3.org\/2000\/svg\"><path d=\"M240.971 130.524l194.343 194.343c9.373 9.373 9.373 24.569 0 33.941l-22.667 22.667c-9.357 9.357-24.522 9.375-33.901.04L224 227.495 69.255 381.516c-9.379 9.335-24.544 9.317-33.901-.04l-22.667-22.667c-9.373-9.373-9.373-24.569 0-33.941L207.03 130.525c9.372-9.373 24.568-9.373 33.941-.001z\"><\/path><\/svg><\/span>\n\t\t\t<span class='e-closed'><svg aria-hidden=\"true\" class=\"e-font-icon-svg e-fas-chevron-down\" viewBox=\"0 0 448 512\" xmlns=\"http:\/\/www.w3.org\/2000\/svg\"><path d=\"M207.029 381.476L12.686 187.132c-9.373-9.373-9.373-24.569 0-33.941l22.667-22.667c9.357-9.357 24.522-9.375 33.901-.04L224 284.505l154.745-154.021c9.379-9.335 24.544-9.317 33.901.04l22.667 22.667c9.373 9.373 9.373 24.569 0 33.941L240.971 381.476c-9.373 9.372-24.569 9.372-33.942 0z\"><\/path><\/svg><\/span>\n\t\t<\/span>\n\n\t\t\t\t\t\t<\/summary>\n\t\t\t\t<div role=\"region\" aria-labelledby=\"e-n-accordion-item-1170\" class=\"elementor-element elementor-element-6ca09c10 e-con-full e-flex e-con e-child\" data-id=\"6ca09c10\" data-element_type=\"container\" data-e-type=\"container\">\n\t\t\t\t<div class=\"elementor-element elementor-element-6ae490fc elementor-widget elementor-widget-text-editor\" data-id=\"6ae490fc\" data-element_type=\"widget\" data-e-type=\"widget\" data-widget_type=\"text-editor.default\">\n\t\t\t\t<div class=\"elementor-widget-container\">\n\t\t\t\t\t\t\t\t\t<p>A uniformly white color<\/p>\t\t\t\t\t\t\t\t<\/div>\n\t\t\t\t<\/div>\n\t\t\t\t<div class=\"elementor-element elementor-element-2c1ea7ce elementor-widget-divider--view-line elementor-widget elementor-widget-divider\" data-id=\"2c1ea7ce\" data-element_type=\"widget\" data-e-type=\"widget\" data-widget_type=\"divider.default\">\n\t\t\t\t<div class=\"elementor-widget-container\">\n\t\t\t\t\t\t\t<div class=\"elementor-divider\">\n\t\t\t<span class=\"elementor-divider-separator\">\n\t\t\t\t\t\t<\/span>\n\t\t<\/div>\n\t\t\t\t\t\t<\/div>\n\t\t\t\t<\/div>\n\t\t\t\t<div class=\"elementor-element elementor-element-3fea2672 elementor-widget elementor-widget-text-editor\" data-id=\"3fea2672\" data-element_type=\"widget\" data-e-type=\"widget\" data-widget_type=\"text-editor.default\">\n\t\t\t\t<div class=\"elementor-widget-container\">\n\t\t\t\t\t\t\t\t\t<p>Silky-smooth skin<\/p>\t\t\t\t\t\t\t\t<\/div>\n\t\t\t\t<\/div>\n\t\t\t\t<div class=\"elementor-element elementor-element-14076864 elementor-widget-divider--view-line elementor-widget elementor-widget-divider\" data-id=\"14076864\" data-element_type=\"widget\" data-e-type=\"widget\" data-widget_type=\"divider.default\">\n\t\t\t\t<div class=\"elementor-widget-container\">\n\t\t\t\t\t\t\t<div class=\"elementor-divider\">\n\t\t\t<span class=\"elementor-divider-separator\">\n\t\t\t\t\t\t<\/span>\n\t\t<\/div>\n\t\t\t\t\t\t<\/div>\n\t\t\t\t<\/div>\n\t\t\t\t<div class=\"elementor-element elementor-element-274d86d1 elementor-widget elementor-widget-text-editor\" data-id=\"274d86d1\" data-element_type=\"widget\" data-e-type=\"widget\" data-widget_type=\"text-editor.default\">\n\t\t\t\t<div class=\"elementor-widget-container\">\n\t\t\t\t\t\t\t\t\t<p>A round hat attached to a stubby, firm foot<\/p>\t\t\t\t\t\t\t\t<\/div>\n\t\t\t\t<\/div>\n\t\t\t\t<\/div>\n\t\t\t\t\t<\/details>\n\t\t\t\t\t\t<details id=\"e-n-accordion-item-1171\" class=\"e-n-accordion-item\" >\n\t\t\t\t<summary class=\"e-n-accordion-item-title\" data-accordion-index=\"2\" tabindex=\"-1\" aria-expanded=\"false\" aria-controls=\"e-n-accordion-item-1171\" >\n\t\t\t\t\t<span class='e-n-accordion-item-title-header'><div class=\"e-n-accordion-item-title-text\"> What are my nutritional benefits? <\/div><\/span>\n\t\t\t\t\t\t\t<span class='e-n-accordion-item-title-icon'>\n\t\t\t<span class='e-opened' ><svg aria-hidden=\"true\" class=\"e-font-icon-svg e-fas-chevron-up\" viewBox=\"0 0 448 512\" xmlns=\"http:\/\/www.w3.org\/2000\/svg\"><path d=\"M240.971 130.524l194.343 194.343c9.373 9.373 9.373 24.569 0 33.941l-22.667 22.667c-9.357 9.357-24.522 9.375-33.901.04L224 227.495 69.255 381.516c-9.379 9.335-24.544 9.317-33.901-.04l-22.667-22.667c-9.373-9.373-9.373-24.569 0-33.941L207.03 130.525c9.372-9.373 24.568-9.373 33.941-.001z\"><\/path><\/svg><\/span>\n\t\t\t<span class='e-closed'><svg aria-hidden=\"true\" class=\"e-font-icon-svg e-fas-chevron-down\" viewBox=\"0 0 448 512\" xmlns=\"http:\/\/www.w3.org\/2000\/svg\"><path d=\"M207.029 381.476L12.686 187.132c-9.373-9.373-9.373-24.569 0-33.941l22.667-22.667c9.357-9.357 24.522-9.375 33.901-.04L224 284.505l154.745-154.021c9.379-9.335 24.544-9.317 33.901.04l22.667 22.667c9.373 9.373 9.373 24.569 0 33.941L240.971 381.476c-9.373 9.372-24.569 9.372-33.942 0z\"><\/path><\/svg><\/span>\n\t\t<\/span>\n\n\t\t\t\t\t\t<\/summary>\n\t\t\t\t<div role=\"region\" aria-labelledby=\"e-n-accordion-item-1171\" class=\"elementor-element elementor-element-58a1125 e-con-full e-flex e-con e-child\" data-id=\"58a1125\" data-element_type=\"container\" data-e-type=\"container\">\n\t\t\t\t<div class=\"elementor-element elementor-element-2d41626 elementor-widget elementor-widget-text-editor\" data-id=\"2d41626\" data-element_type=\"widget\" data-e-type=\"widget\" data-widget_type=\"text-editor.default\">\n\t\t\t\t<div class=\"elementor-widget-container\">\n\t\t\t\t\t\t\t\t\t<p>Low-calorie<\/p>\t\t\t\t\t\t\t\t<\/div>\n\t\t\t\t<\/div>\n\t\t\t\t<div class=\"elementor-element elementor-element-bd72de3 elementor-widget-divider--view-line elementor-widget elementor-widget-divider\" data-id=\"bd72de3\" data-element_type=\"widget\" data-e-type=\"widget\" data-widget_type=\"divider.default\">\n\t\t\t\t<div class=\"elementor-widget-container\">\n\t\t\t\t\t\t\t<div class=\"elementor-divider\">\n\t\t\t<span class=\"elementor-divider-separator\">\n\t\t\t\t\t\t<\/span>\n\t\t<\/div>\n\t\t\t\t\t\t<\/div>\n\t\t\t\t<\/div>\n\t\t\t\t<div class=\"elementor-element elementor-element-725fef1 elementor-widget elementor-widget-text-editor\" data-id=\"725fef1\" data-element_type=\"widget\" data-e-type=\"widget\" data-widget_type=\"text-editor.default\">\n\t\t\t\t<div class=\"elementor-widget-container\">\n\t\t\t\t\t\t\t\t\t<p>Rich in minerals, vitamins, trace elements <br>and antioxidants<\/p>\t\t\t\t\t\t\t\t<\/div>\n\t\t\t\t<\/div>\n\t\t\t\t<div class=\"elementor-element elementor-element-f5ed412 elementor-widget-divider--view-line elementor-widget elementor-widget-divider\" data-id=\"f5ed412\" data-element_type=\"widget\" data-e-type=\"widget\" data-widget_type=\"divider.default\">\n\t\t\t\t<div class=\"elementor-widget-container\">\n\t\t\t\t\t\t\t<div class=\"elementor-divider\">\n\t\t\t<span class=\"elementor-divider-separator\">\n\t\t\t\t\t\t<\/span>\n\t\t<\/div>\n\t\t\t\t\t\t<\/div>\n\t\t\t\t<\/div>\n\t\t\t\t<div class=\"elementor-element elementor-element-f244a9c elementor-widget elementor-widget-text-editor\" data-id=\"f244a9c\" data-element_type=\"widget\" data-e-type=\"widget\" data-widget_type=\"text-editor.default\">\n\t\t\t\t<div class=\"elementor-widget-container\">\n\t\t\t\t\t\t\t\t\t<p>Contains glycogen<\/p>\t\t\t\t\t\t\t\t<\/div>\n\t\t\t\t<\/div>\n\t\t\t\t<\/div>\n\t\t\t\t\t<\/details>\n\t\t\t\t\t<\/div>\n\t\t\t\t\t\t<\/div>\n\t\t\t\t<\/div>\n\t\t\t\t<\/div>\n\t\t<div class=\"elementor-element elementor-element-b7b1efd e-con-full e-flex elementor-invisible e-con e-child\" data-id=\"b7b1efd\" data-element_type=\"container\" data-e-type=\"container\" data-settings=\"{&quot;animation&quot;:&quot;fadeInRight&quot;}\">\n\t\t\t\t<div class=\"elementor-element elementor-element-69de8d69 elementor-widget__width-initial elementor-widget elementor-widget-image\" data-id=\"69de8d69\" data-element_type=\"widget\" data-e-type=\"widget\" data-widget_type=\"image.default\">\n\t\t\t\t<div class=\"elementor-widget-container\">\n\t\t\t\t\t\t\t\t\t\t\t\t\t\t\t<img fetchpriority=\"high\" decoding=\"async\" width=\"768\" height=\"541\" src=\"https:\/\/vialade.fr\/wp-content\/uploads\/2024\/11\/Rectangle-18-768x541.png\" class=\"attachment-medium_large size-medium_large wp-image-1801\" alt=\"Photo d&#039;un champignon pied de mouton\" srcset=\"https:\/\/vialade.fr\/wp-content\/uploads\/2024\/11\/Rectangle-18-768x541.png 768w, https:\/\/vialade.fr\/wp-content\/uploads\/2024\/11\/Rectangle-18-300x211.png 300w, https:\/\/vialade.fr\/wp-content\/uploads\/2024\/11\/Rectangle-18-1024x721.png 1024w, https:\/\/vialade.fr\/wp-content\/uploads\/2024\/11\/Rectangle-18.png 1420w\" sizes=\"(max-width: 768px) 100vw, 768px\" \/>\t\t\t\t\t\t\t\t\t\t\t\t\t\t\t<\/div>\n\t\t\t\t<\/div>\n\t\t\t\t<\/div>\n\t\t\t\t<div class=\"elementor-element elementor-element-6fd513d3 elementor-absolute animated-slow elementor-hidden-tablet elementor-hidden-mobile elementor-invisible elementor-widget elementor-widget-image\" data-id=\"6fd513d3\" data-element_type=\"widget\" data-e-type=\"widget\" data-settings=\"{&quot;_position&quot;:&quot;absolute&quot;,&quot;motion_fx_motion_fx_scrolling&quot;:&quot;yes&quot;,&quot;motion_fx_translateY_effect&quot;:&quot;yes&quot;,&quot;_animation&quot;:&quot;fadeIn&quot;,&quot;motion_fx_translateY_speed&quot;:{&quot;unit&quot;:&quot;px&quot;,&quot;size&quot;:4,&quot;sizes&quot;:[]},&quot;motion_fx_translateY_affectedRange&quot;:{&quot;unit&quot;:&quot;%&quot;,&quot;size&quot;:&quot;&quot;,&quot;sizes&quot;:{&quot;start&quot;:0,&quot;end&quot;:100}},&quot;motion_fx_devices&quot;:[&quot;desktop&quot;,&quot;tablet&quot;,&quot;mobile&quot;]}\" data-widget_type=\"image.default\">\n\t\t\t\t<div class=\"elementor-widget-container\">\n\t\t\t\t\t\t\t\t\t\t\t\t\t\t\t<img decoding=\"async\" width=\"378\" height=\"339\" src=\"https:\/\/vialade.fr\/wp-content\/uploads\/2024\/09\/feuilles-3.png\" class=\"attachment-large size-large wp-image-1476\" alt=\"Feuille d&#039;automne qui tombent\" srcset=\"https:\/\/vialade.fr\/wp-content\/uploads\/2024\/09\/feuilles-3.png 378w, https:\/\/vialade.fr\/wp-content\/uploads\/2024\/09\/feuilles-3-300x269.png 300w\" sizes=\"(max-width: 378px) 100vw, 378px\" \/>\t\t\t\t\t\t\t\t\t\t\t\t\t\t\t<\/div>\n\t\t\t\t<\/div>\n\t\t\t\t<\/div>\n\t\t<div class=\"elementor-element elementor-element-4a77579a e-flex e-con-boxed e-con e-parent\" data-id=\"4a77579a\" data-element_type=\"container\" data-e-type=\"container\">\n\t\t\t\t\t<div class=\"e-con-inner\">\n\t\t<div class=\"elementor-element elementor-element-5172573 e-con-full e-flex e-con e-child\" data-id=\"5172573\" data-element_type=\"container\" data-e-type=\"container\">\n\t\t\t\t<div class=\"elementor-element elementor-element-20e701e elementor-widget__width-initial elementor-widget elementor-widget-heading\" data-id=\"20e701e\" data-element_type=\"widget\" data-e-type=\"widget\" data-widget_type=\"heading.default\">\n\t\t\t\t<div class=\"elementor-widget-container\">\n\t\t\t\t\t<h2 class=\"elementor-heading-title elementor-size-default\">Balade foresti\u00e8re <\/h2>\t\t\t\t<\/div>\n\t\t\t\t<\/div>\n\t\t\t\t<div class=\"elementor-element elementor-element-225ca80 elementor-widget elementor-widget-text-editor\" data-id=\"225ca80\" data-element_type=\"widget\" data-e-type=\"widget\" data-widget_type=\"text-editor.default\">\n\t\t\t\t<div class=\"elementor-widget-container\">\n\t\t\t\t\t\t\t\t\t<p><br><\/p>\n<p>Les pieds de mouton sont des champignons d\u00e9licieux lorsqu\u2019ils sont jeunes et fermes, car des sp\u00e9cimens plus \u00e2g\u00e9s prendront en amertume.<\/p>\n<p>On les assaisonnera alors un peu plus lors de la cuisson. Ils poss\u00e8dent en outre l\u2019avantage de r\u00e9duire peu \u00e0 la cuisson.<\/p>\t\t\t\t\t\t\t\t<\/div>\n\t\t\t\t<\/div>\n\t\t\t\t<\/div>\n\t\t\t\t\t<\/div>\n\t\t\t\t<\/div>\n\t\t<div class=\"elementor-element elementor-element-73d76abb e-con-full e-flex e-con e-parent\" data-id=\"73d76abb\" data-element_type=\"container\" data-e-type=\"container\" data-settings=\"{&quot;background_background&quot;:&quot;classic&quot;}\">\n\t\t<div class=\"elementor-element elementor-element-25083833 e-con-full e-flex elementor-invisible e-con e-child\" data-id=\"25083833\" data-element_type=\"container\" data-e-type=\"container\" data-settings=\"{&quot;animation&quot;:&quot;fadeInLeft&quot;}\">\n\t\t\t\t<div class=\"elementor-element elementor-element-3c0c1bae elementor-widget elementor-widget-heading\" data-id=\"3c0c1bae\" data-element_type=\"widget\" data-e-type=\"widget\" data-widget_type=\"heading.default\">\n\t\t\t\t<div class=\"elementor-widget-container\">\n\t\t\t\t\t<h2 class=\"elementor-heading-title elementor-size-default\">at<br> the plate...<\/h2>\t\t\t\t<\/div>\n\t\t\t\t<\/div>\n\t\t\t\t<div class=\"elementor-element elementor-element-4640bcae elementor-widget elementor-widget-text-editor\" data-id=\"4640bcae\" data-element_type=\"widget\" data-e-type=\"widget\" data-widget_type=\"text-editor.default\">\n\t\t\t\t<div class=\"elementor-widget-container\">\n\t\t\t\t\t\t\t\t\t<p>White mushrooms are distinguished by their mild, subtle flavor and tender flesh.\nTheir delicate texture makes them a versatile ingredient, ideal for a wide variety of preparations.\nThey&#8217;re the perfect accompaniment to your favorite dishes, and can be adapted to a wide range of recipes!  <\/p>\t\t\t\t\t\t\t\t<\/div>\n\t\t\t\t<\/div>\n\t\t\t\t<\/div>\n\t\t<div class=\"elementor-element elementor-element-3a8baf96 e-con-full e-flex e-con e-child\" data-id=\"3a8baf96\" data-element_type=\"container\" data-e-type=\"container\">\n\t\t<div class=\"elementor-element elementor-element-4f0212d e-con-full e-flex e-con e-child\" data-id=\"4f0212d\" data-element_type=\"container\" data-e-type=\"container\">\n\t\t\t\t<div class=\"elementor-element elementor-element-13c46e45 elementor-invisible elementor-widget elementor-widget-image\" data-id=\"13c46e45\" data-element_type=\"widget\" data-e-type=\"widget\" data-settings=\"{&quot;_animation&quot;:&quot;fadeInDown&quot;}\" data-widget_type=\"image.default\">\n\t\t\t\t<div class=\"elementor-widget-container\">\n\t\t\t\t\t\t\t\t\t\t\t\t\t\t\t<img decoding=\"async\" width=\"683\" height=\"1024\" src=\"https:\/\/vialade.fr\/wp-content\/uploads\/2025\/05\/Avocado-toast-683x1024.jpg\" class=\"attachment-large size-large wp-image-2439\" alt=\"\" srcset=\"https:\/\/vialade.fr\/wp-content\/uploads\/2025\/05\/Avocado-toast-683x1024.jpg 683w, https:\/\/vialade.fr\/wp-content\/uploads\/2025\/05\/Avocado-toast-200x300.jpg 200w, https:\/\/vialade.fr\/wp-content\/uploads\/2025\/05\/Avocado-toast-768x1152.jpg 768w, https:\/\/vialade.fr\/wp-content\/uploads\/2025\/05\/Avocado-toast-1024x1536.jpg 1024w, https:\/\/vialade.fr\/wp-content\/uploads\/2025\/05\/Avocado-toast-1365x2048.jpg 1365w, https:\/\/vialade.fr\/wp-content\/uploads\/2025\/05\/Avocado-toast-scaled.jpg 1707w\" sizes=\"(max-width: 683px) 100vw, 683px\">\t\t\t\t\t\t\t\t\t\t\t\t\t\t\t<\/div>\n\t\t\t\t<\/div>\n\t\t\t\t<div class=\"elementor-element elementor-element-539662b5 elementor-invisible elementor-widget elementor-widget-image\" data-id=\"539662b5\" data-element_type=\"widget\" data-e-type=\"widget\" data-settings=\"{&quot;_animation&quot;:&quot;fadeInUp&quot;}\" data-widget_type=\"image.default\">\n\t\t\t\t<div class=\"elementor-widget-container\">\n\t\t\t\t\t\t\t\t\t\t\t\t\t\t\t<img loading=\"lazy\" decoding=\"async\" width=\"300\" height=\"300\" src=\"https:\/\/vialade.fr\/wp-content\/uploads\/2024\/09\/adobe-stock-238339374.png\" class=\"attachment-large size-large wp-image-1473\" alt=\"Tarte de champignon et poireaux\" srcset=\"https:\/\/vialade.fr\/wp-content\/uploads\/2024\/09\/adobe-stock-238339374.png 300w, https:\/\/vialade.fr\/wp-content\/uploads\/2024\/09\/adobe-stock-238339374-150x150.png 150w\" sizes=\"(max-width: 300px) 100vw, 300px\" \/>\t\t\t\t\t\t\t\t\t\t\t\t\t\t\t<\/div>\n\t\t\t\t<\/div>\n\t\t\t\t<\/div>\n\t\t<div class=\"elementor-element elementor-element-1caeadd9 e-con-full e-flex e-con e-child\" data-id=\"1caeadd9\" data-element_type=\"container\" data-e-type=\"container\">\n\t\t\t\t<div class=\"elementor-element elementor-element-68f9203b elementor-invisible elementor-widget elementor-widget-image\" data-id=\"68f9203b\" data-element_type=\"widget\" data-e-type=\"widget\" data-settings=\"{&quot;_animation&quot;:&quot;fadeInDown&quot;}\" data-widget_type=\"image.default\">\n\t\t\t\t<div class=\"elementor-widget-container\">\n\t\t\t\t\t\t\t\t\t\t\t\t\t\t\t<img loading=\"lazy\" decoding=\"async\" width=\"300\" height=\"300\" src=\"https:\/\/vialade.fr\/wp-content\/uploads\/2024\/09\/adobe-stock-348732468.png\" class=\"attachment-large size-large wp-image-1474\" alt=\"Photo d&#039;une tartine a base de champignons\" srcset=\"https:\/\/vialade.fr\/wp-content\/uploads\/2024\/09\/adobe-stock-348732468.png 300w, https:\/\/vialade.fr\/wp-content\/uploads\/2024\/09\/adobe-stock-348732468-150x150.png 150w\" sizes=\"(max-width: 300px) 100vw, 300px\" \/>\t\t\t\t\t\t\t\t\t\t\t\t\t\t\t<\/div>\n\t\t\t\t<\/div>\n\t\t\t\t<div class=\"elementor-element elementor-element-1263e514 elementor-invisible elementor-widget elementor-widget-image\" data-id=\"1263e514\" data-element_type=\"widget\" data-e-type=\"widget\" data-settings=\"{&quot;_animation&quot;:&quot;fadeInUp&quot;}\" data-widget_type=\"image.default\">\n\t\t\t\t<div class=\"elementor-widget-container\">\n\t\t\t\t\t\t\t\t\t\t\t\t\t\t\t<img loading=\"lazy\" decoding=\"async\" width=\"800\" height=\"534\" src=\"https:\/\/vialade.fr\/wp-content\/uploads\/2025\/05\/IMG_0727-1024x683.jpeg\" class=\"attachment-large size-large wp-image-2398\" alt=\"Poisson \u00e0 la girolles\" srcset=\"https:\/\/vialade.fr\/wp-content\/uploads\/2025\/05\/IMG_0727-1024x683.jpeg 1024w, https:\/\/vialade.fr\/wp-content\/uploads\/2025\/05\/IMG_0727-300x200.jpeg 300w, https:\/\/vialade.fr\/wp-content\/uploads\/2025\/05\/IMG_0727-768x512.jpeg 768w, https:\/\/vialade.fr\/wp-content\/uploads\/2025\/05\/IMG_0727.jpeg 1280w\" sizes=\"(max-width: 800px) 100vw, 800px\" \/>\t\t\t\t\t\t\t\t\t\t\t\t\t\t\t<\/div>\n\t\t\t\t<\/div>\n\t\t\t\t<\/div>\n\t\t\t\t<\/div>\n\t\t\t\t<div class=\"elementor-element elementor-element-60e5af92 elementor-absolute elementor-hidden-tablet elementor-hidden-mobile elementor-widget elementor-widget-image\" data-id=\"60e5af92\" data-element_type=\"widget\" data-e-type=\"widget\" data-settings=\"{&quot;_position&quot;:&quot;absolute&quot;,&quot;motion_fx_motion_fx_scrolling&quot;:&quot;yes&quot;,&quot;motion_fx_translateY_effect&quot;:&quot;yes&quot;,&quot;motion_fx_translateY_speed&quot;:{&quot;unit&quot;:&quot;px&quot;,&quot;size&quot;:4,&quot;sizes&quot;:[]},&quot;motion_fx_translateY_affectedRange&quot;:{&quot;unit&quot;:&quot;%&quot;,&quot;size&quot;:&quot;&quot;,&quot;sizes&quot;:{&quot;start&quot;:0,&quot;end&quot;:100}},&quot;motion_fx_devices&quot;:[&quot;desktop&quot;,&quot;tablet&quot;,&quot;mobile&quot;]}\" data-widget_type=\"image.default\">\n\t\t\t\t<div class=\"elementor-widget-container\">\n\t\t\t\t\t\t\t\t\t\t\t\t\t\t\t<img loading=\"lazy\" decoding=\"async\" width=\"535\" height=\"530\" src=\"https:\/\/vialade.fr\/wp-content\/uploads\/2024\/09\/feuille.png\" class=\"attachment-large size-large wp-image-1477\" alt=\"Feuille d&#039;automne qui tombent\" srcset=\"https:\/\/vialade.fr\/wp-content\/uploads\/2024\/09\/feuille.png 535w, https:\/\/vialade.fr\/wp-content\/uploads\/2024\/09\/feuille-300x297.png 300w, https:\/\/vialade.fr\/wp-content\/uploads\/2024\/09\/feuille-150x150.png 150w\" sizes=\"(max-width: 535px) 100vw, 535px\" \/>\t\t\t\t\t\t\t\t\t\t\t\t\t\t\t<\/div>\n\t\t\t\t<\/div>\n\t\t\t\t<\/div>\n\t\t<div class=\"elementor-element elementor-element-bafefdd e-flex e-con-boxed e-con e-parent\" data-id=\"bafefdd\" data-element_type=\"container\" data-e-type=\"container\">\n\t\t\t\t\t<div class=\"e-con-inner\">\n\t\t\t\t<div class=\"elementor-element elementor-element-04ead25 elementor-widget elementor-widget-heading\" data-id=\"04ead25\" data-element_type=\"widget\" data-e-type=\"widget\" data-widget_type=\"heading.default\">\n\t\t\t\t<div class=\"elementor-widget-container\">\n\t\t\t\t\t<h2 class=\"elementor-heading-title elementor-size-default\">Quand les trouver ? <\/h2>\t\t\t\t<\/div>\n\t\t\t\t<\/div>\n\t\t\t\t\t<\/div>\n\t\t\t\t<\/div>\n\t\t<div class=\"elementor-element elementor-element-89c78d1 e-flex e-con-boxed e-con e-parent\" data-id=\"89c78d1\" data-element_type=\"container\" data-e-type=\"container\">\n\t\t\t\t\t<div class=\"e-con-inner\">\n\t\t\t\t<div class=\"elementor-element elementor-element-f79c3e6 elementor-widget elementor-widget-image\" data-id=\"f79c3e6\" data-element_type=\"widget\" data-e-type=\"widget\" data-widget_type=\"image.default\">\n\t\t\t\t<div class=\"elementor-widget-container\">\n\t\t\t\t\t\t\t\t\t\t\t\t\t\t\t<img loading=\"lazy\" decoding=\"async\" width=\"800\" height=\"450\" src=\"https:\/\/vialade.fr\/wp-content\/uploads\/2025\/05\/Calendrier-Pied-de-mouton-1024x576.png\" class=\"attachment-large size-large wp-image-2413\" alt=\"Calendrier pied de mouton\" srcset=\"https:\/\/vialade.fr\/wp-content\/uploads\/2025\/05\/Calendrier-Pied-de-mouton-1024x576.png 1024w, https:\/\/vialade.fr\/wp-content\/uploads\/2025\/05\/Calendrier-Pied-de-mouton-300x169.png 300w, https:\/\/vialade.fr\/wp-content\/uploads\/2025\/05\/Calendrier-Pied-de-mouton-768x432.png 768w, https:\/\/vialade.fr\/wp-content\/uploads\/2025\/05\/Calendrier-Pied-de-mouton.png 1366w\" sizes=\"(max-width: 800px) 100vw, 800px\" \/>\t\t\t\t\t\t\t\t\t\t\t\t\t\t\t<\/div>\n\t\t\t\t<\/div>\n\t\t\t\t\t<\/div>\n\t\t\t\t<\/div>\n\t\t\t\t<\/div>\n\t\t","protected":false},"excerpt":{"rendered":"<p>Natural compost&#8230; How can you recognize me? A uniformly white color Silky-smooth skin A round hat attached to a stubby, firm foot What are my nutritional benefits? Low-calorie Rich in minerals, vitamins, trace elements and antioxidants Contains glycogen A uniformly white color Silky-smooth skin A round hat attached to a stubby, firm foot Low-calorie Rich [&hellip;]<\/p>\n","protected":false},"author":3,"featured_media":2716,"parent":1580,"menu_order":1,"comment_status":"closed","ping_status":"closed","template":"","meta":{"inline_featured_image":false,"footnotes":""},"class_list":["post-2565","page","type-page","status-publish","has-post-thumbnail","hentry"],"_links":{"self":[{"href":"https:\/\/vialade.fr\/en\/wp-json\/wp\/v2\/pages\/2565","targetHints":{"allow":["GET"]}}],"collection":[{"href":"https:\/\/vialade.fr\/en\/wp-json\/wp\/v2\/pages"}],"about":[{"href":"https:\/\/vialade.fr\/en\/wp-json\/wp\/v2\/types\/page"}],"author":[{"embeddable":true,"href":"https:\/\/vialade.fr\/en\/wp-json\/wp\/v2\/users\/3"}],"replies":[{"embeddable":true,"href":"https:\/\/vialade.fr\/en\/wp-json\/wp\/v2\/comments?post=2565"}],"version-history":[{"count":2,"href":"https:\/\/vialade.fr\/en\/wp-json\/wp\/v2\/pages\/2565\/revisions"}],"predecessor-version":[{"id":2593,"href":"https:\/\/vialade.fr\/en\/wp-json\/wp\/v2\/pages\/2565\/revisions\/2593"}],"up":[{"embeddable":true,"href":"https:\/\/vialade.fr\/en\/wp-json\/wp\/v2\/pages\/1580"}],"wp:featuredmedia":[{"embeddable":true,"href":"https:\/\/vialade.fr\/en\/wp-json\/wp\/v2\/media\/2716"}],"wp:attachment":[{"href":"https:\/\/vialade.fr\/en\/wp-json\/wp\/v2\/media?parent=2565"}],"curies":[{"name":"wp","href":"https:\/\/api.w.org\/{rel}","templated":true}]}}