{"id":2824,"date":"2025-07-10T10:44:18","date_gmt":"2025-07-10T08:44:18","guid":{"rendered":"https:\/\/vialade.fr\/?page_id=2824"},"modified":"2025-07-10T10:44:18","modified_gmt":"2025-07-10T08:44:18","slug":"maison-vialades-csr-approach","status":"publish","type":"page","link":"https:\/\/vialade.fr\/en\/maison-vialades-csr-approach\/","title":{"rendered":"Maison Vialade&#8217;s CSR approach"},"content":{"rendered":"\t\t<div data-elementor-type=\"wp-page\" data-elementor-id=\"2824\" class=\"elementor elementor-2824 elementor-2823\" data-elementor-post-type=\"page\">\n\t\t\t\t<div class=\"elementor-element elementor-element-e386d8c e-con-full e-flex e-con e-parent\" data-id=\"e386d8c\" data-element_type=\"container\" data-e-type=\"container\">\n\t\t\t\t<div class=\"elementor-element elementor-element-ff629e3 elementor-absolute elementor-hidden-tablet elementor-hidden-mobile elementor-widget elementor-widget-image\" data-id=\"ff629e3\" data-element_type=\"widget\" data-e-type=\"widget\" data-settings=\"{&quot;_position&quot;:&quot;absolute&quot;,&quot;motion_fx_motion_fx_scrolling&quot;:&quot;yes&quot;,&quot;motion_fx_translateY_effect&quot;:&quot;yes&quot;,&quot;motion_fx_translateY_speed&quot;:{&quot;unit&quot;:&quot;px&quot;,&quot;size&quot;:4,&quot;sizes&quot;:[]},&quot;motion_fx_translateY_affectedRange&quot;:{&quot;unit&quot;:&quot;%&quot;,&quot;size&quot;:&quot;&quot;,&quot;sizes&quot;:{&quot;start&quot;:0,&quot;end&quot;:100}},&quot;motion_fx_devices&quot;:[&quot;desktop&quot;,&quot;tablet&quot;,&quot;mobile&quot;]}\" data-widget_type=\"image.default\">\n\t\t\t\t<div class=\"elementor-widget-container\">\n\t\t\t\t\t\t\t\t\t\t\t\t\t\t\t<img fetchpriority=\"high\" decoding=\"async\" width=\"386\" height=\"291\" src=\"https:\/\/vialade.fr\/wp-content\/uploads\/2024\/09\/Feuilles_02.png\" class=\"attachment-large size-large wp-image-1497\" alt=\"Feuille d&#039;automne en train de tomb\u00e9es\" srcset=\"https:\/\/vialade.fr\/wp-content\/uploads\/2024\/09\/Feuilles_02.png 386w, https:\/\/vialade.fr\/wp-content\/uploads\/2024\/09\/Feuilles_02-300x226.png 300w\" sizes=\"(max-width: 386px) 100vw, 386px\" \/>\t\t\t\t\t\t\t\t\t\t\t\t\t\t\t<\/div>\n\t\t\t\t<\/div>\n\t\t<div class=\"elementor-element elementor-element-b7da8f5 e-flex e-con-boxed e-con e-child\" data-id=\"b7da8f5\" data-element_type=\"container\" data-e-type=\"container\">\n\t\t\t\t\t<div class=\"e-con-inner\">\n\t\t<div class=\"elementor-element elementor-element-5c1fba1 e-con-full e-flex e-con e-child\" data-id=\"5c1fba1\" data-element_type=\"container\" data-e-type=\"container\">\n\t\t<div class=\"elementor-element elementor-element-37fef1b e-con-full e-flex elementor-invisible e-con e-child\" data-id=\"37fef1b\" data-element_type=\"container\" data-e-type=\"container\" data-settings=\"{&quot;animation&quot;:&quot;fadeInLeft&quot;}\">\n\t\t\t\t<div class=\"elementor-element elementor-element-abd7838 elementor-widget elementor-widget-heading\" data-id=\"abd7838\" data-element_type=\"widget\" data-e-type=\"widget\" data-widget_type=\"heading.default\">\n\t\t\t\t<div class=\"elementor-widget-container\">\n\t\t\t\t\t<h2 class=\"elementor-heading-title elementor-size-default\">Lovers of nature and committed to the environment<\/h2>\t\t\t\t<\/div>\n\t\t\t\t<\/div>\n\t\t\t\t<div class=\"elementor-element elementor-element-0070813 elementor-widget elementor-widget-text-editor\" data-id=\"0070813\" data-element_type=\"widget\" data-e-type=\"widget\" data-widget_type=\"text-editor.default\">\n\t\t\t\t<div class=\"elementor-widget-container\">\n\t\t\t\t\t\t\t\t\t<p>Maison Vialade is deeply rooted in a philosophy of respect and <span style=\"color: #cc632d;\"><strong>respect and preservation<\/strong><\/span> of the environment.\nEvery day, we take concrete action to <span style=\"color: #cc632d;\"><strong>minimize our ecological impact<\/strong><\/span>.\nOur production sites use renewable energies, such as photovoltaic roofs, and optimize energy management with less energy-intensive technologies such as LEDs.    <\/p><p>At Maison Vialade, we take a circular approach to waste reduction:<br>compacting, sorting, heat recovery and the use of reusable crates.\nAt the end of the cycle, the compost is <span style=\"color: #cc632d;\"><strong>redistributed to local farmers<\/strong><\/span> as an organic amendment, structuring and nourishing the soil. <\/p><p>Concerned about our impact on the environment, we are currently working with an external consultancy to carry out a carbon assessment, with the aim of identifying actions to be taken to <strong>reduce our<\/strong> greenhouse gas <strong>emissions<\/strong>.<\/p>\t\t\t\t\t\t\t\t<\/div>\n\t\t\t\t<\/div>\n\t\t\t\t<\/div>\n\t\t\t\t<\/div>\n\t\t<div class=\"elementor-element elementor-element-15359d7 e-con-full e-flex e-con e-child\" data-id=\"15359d7\" data-element_type=\"container\" data-e-type=\"container\">\n\t\t<div class=\"elementor-element elementor-element-6de76af e-con-full e-flex elementor-invisible e-con e-child\" data-id=\"6de76af\" data-element_type=\"container\" data-e-type=\"container\" data-settings=\"{&quot;animation&quot;:&quot;fadeInLeft&quot;}\">\n\t\t\t\t<div class=\"elementor-element elementor-element-e5fd6f3 elementor-widget elementor-widget-image\" data-id=\"e5fd6f3\" data-element_type=\"widget\" data-e-type=\"widget\" data-widget_type=\"image.default\">\n\t\t\t\t<div class=\"elementor-widget-container\">\n\t\t\t\t\t\t\t\t\t\t\t\t\t\t\t<img decoding=\"async\" width=\"424\" height=\"335\" src=\"https:\/\/vialade.fr\/wp-content\/uploads\/2024\/09\/groupe-de-masques-37.png\" class=\"attachment-large size-large wp-image-1467\" alt=\"Notre site de production \u00e0 Olette\" srcset=\"https:\/\/vialade.fr\/wp-content\/uploads\/2024\/09\/groupe-de-masques-37.png 424w, https:\/\/vialade.fr\/wp-content\/uploads\/2024\/09\/groupe-de-masques-37-300x237.png 300w\" sizes=\"(max-width: 424px) 100vw, 424px\" \/>\t\t\t\t\t\t\t\t\t\t\t\t\t\t\t<\/div>\n\t\t\t\t<\/div>\n\t\t\t\t<\/div>\n\t\t<div class=\"elementor-element elementor-element-92cfd9e e-con-full elementor-hidden-desktop elementor-hidden-mobile e-flex elementor-invisible e-con e-child\" data-id=\"92cfd9e\" data-element_type=\"container\" data-e-type=\"container\" data-settings=\"{&quot;animation&quot;:&quot;fadeInLeft&quot;}\">\n\t\t\t\t<div class=\"elementor-element elementor-element-7cfe8d0 elementor-widget elementor-widget-image\" data-id=\"7cfe8d0\" data-element_type=\"widget\" data-e-type=\"widget\" data-widget_type=\"image.default\">\n\t\t\t\t<div class=\"elementor-widget-container\">\n\t\t\t\t\t\t\t\t\t\t\t\t\t\t\t<img decoding=\"async\" width=\"424\" height=\"335\" src=\"https:\/\/vialade.fr\/wp-content\/uploads\/2024\/09\/groupe-de-masques-37.png\" class=\"attachment-large size-large wp-image-1467\" alt=\"Notre site de production \u00e0 Olette\" srcset=\"https:\/\/vialade.fr\/wp-content\/uploads\/2024\/09\/groupe-de-masques-37.png 424w, https:\/\/vialade.fr\/wp-content\/uploads\/2024\/09\/groupe-de-masques-37-300x237.png 300w\" sizes=\"(max-width: 424px) 100vw, 424px\" \/>\t\t\t\t\t\t\t\t\t\t\t\t\t\t\t<\/div>\n\t\t\t\t<\/div>\n\t\t\t\t<\/div>\n\t\t\t\t<\/div>\n\t\t\t\t\t<\/div>\n\t\t\t\t<\/div>\n\t\t\t\t<\/div>\n\t\t<div class=\"elementor-element elementor-element-4ad7b3e e-flex e-con-boxed e-con e-parent\" data-id=\"4ad7b3e\" data-element_type=\"container\" data-e-type=\"container\">\n\t\t\t\t\t<div class=\"e-con-inner\">\n\t\t<div class=\"elementor-element elementor-element-98c3320 e-con-full e-flex e-con e-child\" data-id=\"98c3320\" data-element_type=\"container\" data-e-type=\"container\">\n\t\t<div class=\"elementor-element elementor-element-cc20867 e-con-full elementor-hidden-tablet e-flex elementor-invisible e-con e-child\" data-id=\"cc20867\" data-element_type=\"container\" data-e-type=\"container\" data-settings=\"{&quot;animation&quot;:&quot;fadeInLeft&quot;}\">\n\t\t\t\t<div class=\"elementor-element elementor-element-02b4a8a elementor-widget elementor-widget-image\" data-id=\"02b4a8a\" data-element_type=\"widget\" data-e-type=\"widget\" data-widget_type=\"image.default\">\n\t\t\t\t<div class=\"elementor-widget-container\">\n\t\t\t\t\t\t\t\t\t\t\t\t\t\t\t<img decoding=\"async\" width=\"683\" height=\"1024\" src=\"https:\/\/vialade.fr\/wp-content\/uploads\/2024\/09\/Vialade-VIOT7990-D.BART_-683x1024.jpg\" class=\"attachment-large size-large wp-image-1491\" alt=\"Photo de racine de champignon (myc\u00e9lium)\" srcset=\"https:\/\/vialade.fr\/wp-content\/uploads\/2024\/09\/Vialade-VIOT7990-D.BART_-683x1024.jpg 683w, https:\/\/vialade.fr\/wp-content\/uploads\/2024\/09\/Vialade-VIOT7990-D.BART_-200x300.jpg 200w, https:\/\/vialade.fr\/wp-content\/uploads\/2024\/09\/Vialade-VIOT7990-D.BART_-768x1152.jpg 768w, https:\/\/vialade.fr\/wp-content\/uploads\/2024\/09\/Vialade-VIOT7990-D.BART_.jpg 800w\" sizes=\"(max-width: 683px) 100vw, 683px\" \/>\t\t\t\t\t\t\t\t\t\t\t\t\t\t\t<\/div>\n\t\t\t\t<\/div>\n\t\t\t\t<\/div>\n\t\t<div class=\"elementor-element elementor-element-d2f4f52 e-con-full elementor-hidden-tablet e-flex elementor-invisible e-con e-child\" data-id=\"d2f4f52\" data-element_type=\"container\" data-e-type=\"container\" data-settings=\"{&quot;animation&quot;:&quot;fadeInLeft&quot;}\">\n\t\t\t\t<div class=\"elementor-element elementor-element-288b068 elementor-widget elementor-widget-image\" data-id=\"288b068\" data-element_type=\"widget\" data-e-type=\"widget\" data-widget_type=\"image.default\">\n\t\t\t\t<div class=\"elementor-widget-container\">\n\t\t\t\t\t\t\t\t\t\t\t\t\t\t\t<img loading=\"lazy\" decoding=\"async\" width=\"683\" height=\"1024\" src=\"https:\/\/vialade.fr\/wp-content\/uploads\/2024\/09\/copyright-MateFilms-2023-19-683x1024.jpg\" class=\"attachment-large size-large wp-image-1490\" alt=\"Photo de colis de champignons\" srcset=\"https:\/\/vialade.fr\/wp-content\/uploads\/2024\/09\/copyright-MateFilms-2023-19-683x1024.jpg 683w, https:\/\/vialade.fr\/wp-content\/uploads\/2024\/09\/copyright-MateFilms-2023-19-200x300.jpg 200w, https:\/\/vialade.fr\/wp-content\/uploads\/2024\/09\/copyright-MateFilms-2023-19-768x1152.jpg 768w, https:\/\/vialade.fr\/wp-content\/uploads\/2024\/09\/copyright-MateFilms-2023-19-1024x1536.jpg 1024w, https:\/\/vialade.fr\/wp-content\/uploads\/2024\/09\/copyright-MateFilms-2023-19-1365x2048.jpg 1365w, https:\/\/vialade.fr\/wp-content\/uploads\/2024\/09\/copyright-MateFilms-2023-19-scaled.jpg 1707w\" sizes=\"(max-width: 683px) 100vw, 683px\" \/>\t\t\t\t\t\t\t\t\t\t\t\t\t\t\t<\/div>\n\t\t\t\t<\/div>\n\t\t\t\t<\/div>\n\t\t<div class=\"elementor-element elementor-element-09e61d8 e-con-full e-flex elementor-invisible e-con e-child\" data-id=\"09e61d8\" data-element_type=\"container\" data-e-type=\"container\" data-settings=\"{&quot;animation&quot;:&quot;fadeInDown&quot;}\">\n\t\t\t\t<div class=\"elementor-element elementor-element-fdf1f3e elementor-widget elementor-widget-heading\" data-id=\"fdf1f3e\" data-element_type=\"widget\" data-e-type=\"widget\" data-widget_type=\"heading.default\">\n\t\t\t\t<div class=\"elementor-widget-container\">\n\t\t\t\t\t<h2 class=\"elementor-heading-title elementor-size-default\">For healthy, sustainable food<\/h2>\t\t\t\t<\/div>\n\t\t\t\t<\/div>\n\t\t\t\t<div class=\"elementor-element elementor-element-bff5289 elementor-widget elementor-widget-text-editor\" data-id=\"bff5289\" data-element_type=\"widget\" data-e-type=\"widget\" data-widget_type=\"text-editor.default\">\n\t\t\t\t<div class=\"elementor-widget-container\">\n\t\t\t\t\t\t\t\t\t<p>Our mushrooms are grown healthily, without pesticides or chemical residues, in a mixture of straw, manure and peat.\nThe production waste, known as champost, is then used as an organic amendment for horticulture and arboriculture in the Pyr\u00e9n\u00e9es-Orientales department, thus creating <span style=\"color: #cc632d;\"><strong>a circular economy<\/strong><\/span>.\nA strong commitment to making tomorrow&#8217;s agriculture even better, by enriching and preparing the soils that will produce the contents of our plates.\nA healthy <span style=\"color: #cc632d;\"><strong>good for your health<\/strong><\/span> !   <\/p>\t\t\t\t\t\t\t\t<\/div>\n\t\t\t\t<\/div>\n\t\t\t\t<\/div>\n\t\t\t\t<\/div>\n\t\t\t\t\t<\/div>\n\t\t\t\t<\/div>\n\t\t<div class=\"elementor-element elementor-element-607f94d e-con-full e-flex e-con e-parent\" data-id=\"607f94d\" data-element_type=\"container\" data-e-type=\"container\" data-settings=\"{&quot;background_background&quot;:&quot;classic&quot;}\">\n\t\t\t\t<div class=\"elementor-element elementor-element-fc45804 elementor-absolute elementor-hidden-tablet elementor-hidden-mobile elementor-widget elementor-widget-image\" data-id=\"fc45804\" data-element_type=\"widget\" data-e-type=\"widget\" data-settings=\"{&quot;_position&quot;:&quot;absolute&quot;,&quot;motion_fx_motion_fx_scrolling&quot;:&quot;yes&quot;,&quot;motion_fx_translateY_effect&quot;:&quot;yes&quot;,&quot;motion_fx_translateY_speed&quot;:{&quot;unit&quot;:&quot;px&quot;,&quot;size&quot;:4,&quot;sizes&quot;:[]},&quot;motion_fx_translateY_affectedRange&quot;:{&quot;unit&quot;:&quot;%&quot;,&quot;size&quot;:&quot;&quot;,&quot;sizes&quot;:{&quot;start&quot;:0,&quot;end&quot;:100}},&quot;motion_fx_devices&quot;:[&quot;desktop&quot;,&quot;tablet&quot;,&quot;mobile&quot;]}\" data-widget_type=\"image.default\">\n\t\t\t\t<div class=\"elementor-widget-container\">\n\t\t\t\t\t\t\t\t\t\t\t\t\t\t\t<img loading=\"lazy\" decoding=\"async\" width=\"378\" height=\"339\" src=\"https:\/\/vialade.fr\/wp-content\/uploads\/2024\/09\/feuilles-3.png\" class=\"attachment-large size-large wp-image-1476\" alt=\"Feuille d&#039;automne qui tombent\" srcset=\"https:\/\/vialade.fr\/wp-content\/uploads\/2024\/09\/feuilles-3.png 378w, https:\/\/vialade.fr\/wp-content\/uploads\/2024\/09\/feuilles-3-300x269.png 300w\" sizes=\"(max-width: 378px) 100vw, 378px\" \/>\t\t\t\t\t\t\t\t\t\t\t\t\t\t\t<\/div>\n\t\t\t\t<\/div>\n\t\t<div class=\"elementor-element elementor-element-62f453b e-flex e-con-boxed e-con e-child\" data-id=\"62f453b\" data-element_type=\"container\" data-e-type=\"container\">\n\t\t\t\t\t<div class=\"e-con-inner\">\n\t\t<div class=\"elementor-element elementor-element-1f42b3e e-con-full e-flex elementor-invisible e-con e-child\" data-id=\"1f42b3e\" data-element_type=\"container\" data-e-type=\"container\" data-settings=\"{&quot;animation&quot;:&quot;fadeInDown&quot;}\">\n\t\t\t\t<div class=\"elementor-element elementor-element-40b5c81 elementor-widget elementor-widget-heading\" data-id=\"40b5c81\" data-element_type=\"widget\" data-e-type=\"widget\" data-widget_type=\"heading.default\">\n\t\t\t\t<div class=\"elementor-widget-container\">\n\t\t\t\t\t<h2 class=\"elementor-heading-title elementor-size-default\">Quality and freshness<\/h2>\t\t\t\t<\/div>\n\t\t\t\t<\/div>\n\t\t\t\t<div class=\"elementor-element elementor-element-e710db7 elementor-widget elementor-widget-text-editor\" data-id=\"e710db7\" data-element_type=\"widget\" data-e-type=\"widget\" data-widget_type=\"text-editor.default\">\n\t\t\t\t<div class=\"elementor-widget-container\">\n\t\t\t\t\t\t\t\t\t<p>At Maison Vialade, our daily focus is on the quality of our <strong><span style=\"color: #cc632d;\">quality of our products<\/span><\/strong>.\nMushrooms are picked 7 days a week to guarantee optimum freshness.\nTrays are packed and dispatched the same day, ensuring fast, efficient delivery.\nWe give priority to short delivery routes, respecting a process that takes from picking to delivery <span style=\"color: #cc632d;\"><strong>minimum time<\/strong><\/span>.   <\/p>\t\t\t\t\t\t\t\t<\/div>\n\t\t\t\t<\/div>\n\t\t\t\t<\/div>\n\t\t<div class=\"elementor-element elementor-element-f5ccb49 e-con-full e-flex elementor-invisible e-con e-child\" data-id=\"f5ccb49\" data-element_type=\"container\" data-e-type=\"container\" data-settings=\"{&quot;animation&quot;:&quot;fadeInDown&quot;}\">\n\t\t\t\t<div class=\"elementor-element elementor-element-5ff8f75 elementor-widget elementor-widget-heading\" data-id=\"5ff8f75\" data-element_type=\"widget\" data-e-type=\"widget\" data-widget_type=\"heading.default\">\n\t\t\t\t<div class=\"elementor-widget-container\">\n\t\t\t\t\t<h2 class=\"elementor-heading-title elementor-size-default\">Employee respect and well-being<\/h2>\t\t\t\t<\/div>\n\t\t\t\t<\/div>\n\t\t\t\t<div class=\"elementor-element elementor-element-0b44774 elementor-widget elementor-widget-text-editor\" data-id=\"0b44774\" data-element_type=\"widget\" data-e-type=\"widget\" data-widget_type=\"text-editor.default\">\n\t\t\t\t<div class=\"elementor-widget-container\">\n\t\t\t\t\t\t\t\t\t<p>Maison Vialade is a family business, close to its employees, where well-being in the workplace is a priority. <span style=\"color: #cc632d;\"><strong>listening to their needs<\/strong><\/span> and their <span style=\"color: #cc632d;\"><strong>and their desire to evolve<\/strong><\/span>.\nAutomation is put to good use to avoid drudgery and improve working conditions, with innovative <span style=\"color: #cc632d;\"><strong>innovative equipment<\/strong><\/span> such as tilting shelves and automatic packaging machines. <\/p>\t\t\t\t\t\t\t\t<\/div>\n\t\t\t\t<\/div>\n\t\t\t\t<\/div>\n\t\t\t\t\t<\/div>\n\t\t\t\t<\/div>\n\t\t\t\t<\/div>\n\t\t<div class=\"elementor-element elementor-element-76451f4d e-flex e-con-boxed e-con e-parent\" data-id=\"76451f4d\" data-element_type=\"container\" data-e-type=\"container\">\n\t\t\t\t\t<div class=\"e-con-inner\">\n\t\t<div class=\"elementor-element elementor-element-432f4451 e-con-full e-flex e-con e-child\" data-id=\"432f4451\" data-element_type=\"container\" data-e-type=\"container\">\n\t\t<div class=\"elementor-element elementor-element-4002b7ea e-con-full e-flex e-con e-child\" data-id=\"4002b7ea\" data-element_type=\"container\" data-e-type=\"container\">\n\t\t<div class=\"elementor-element elementor-element-6aea7ee7 e-con-full e-flex elementor-invisible e-con e-child\" data-id=\"6aea7ee7\" data-element_type=\"container\" data-e-type=\"container\" data-settings=\"{&quot;animation&quot;:&quot;fadeInLeft&quot;}\">\n\t\t\t\t<div class=\"elementor-element elementor-element-7a8bf2a elementor-widget elementor-widget-heading\" data-id=\"7a8bf2a\" data-element_type=\"widget\" data-e-type=\"widget\" data-widget_type=\"heading.default\">\n\t\t\t\t<div class=\"elementor-widget-container\">\n\t\t\t\t\t<h2 class=\"elementor-heading-title elementor-size-default\">Local players and citizens<\/h2>\t\t\t\t<\/div>\n\t\t\t\t<\/div>\n\t\t\t\t<div class=\"elementor-element elementor-element-7e351da6 elementor-widget elementor-widget-text-editor\" data-id=\"7e351da6\" data-element_type=\"widget\" data-e-type=\"widget\" data-widget_type=\"text-editor.default\">\n\t\t\t\t<div class=\"elementor-widget-container\">\n\t\t\t\t\t\t\t\t\t<p>We are actively involved in local <span style=\"color: #cc632d;\"><strong>local initiatives<\/strong><\/span> in favor of sport, culture and solidarity.\nWe carry several labels and certifications, testifying to our commitment to <span style=\"color: #cc632d;\"><strong>quality and sustainability<\/strong><\/span> FSSC 22000, IFS Broker, Global G.A.P., Haute Valeur Environnementale, Agriculture Biologique, Qualit\u00e9 Saint Charles International, Sud de France. <\/p>\t\t\t\t\t\t\t\t<\/div>\n\t\t\t\t<\/div>\n\t\t\t\t<\/div>\n\t\t\t\t<\/div>\n\t\t<div class=\"elementor-element elementor-element-98f007e e-con-full e-flex e-con e-child\" data-id=\"98f007e\" data-element_type=\"container\" data-e-type=\"container\">\n\t\t<div class=\"elementor-element elementor-element-717af437 e-con-full e-flex e-con e-child\" data-id=\"717af437\" data-element_type=\"container\" data-e-type=\"container\">\n\t\t<div class=\"elementor-element elementor-element-53192945 e-con-full e-flex elementor-invisible e-con e-child\" data-id=\"53192945\" data-element_type=\"container\" data-e-type=\"container\" data-settings=\"{&quot;animation&quot;:&quot;fadeInLeft&quot;}\">\n\t\t\t\t<div class=\"elementor-element elementor-element-3f28668a elementor-widget elementor-widget-image\" data-id=\"3f28668a\" data-element_type=\"widget\" data-e-type=\"widget\" data-widget_type=\"image.default\">\n\t\t\t\t<div class=\"elementor-widget-container\">\n\t\t\t\t\t\t\t\t\t\t\t\t\t\t\t\t<a href=\"https:\/\/www.ifs-certification.com\/fr\/ifs-portfolio\/standards\/broker-standard\" target=\"_blank\" rel=\"noopener\">\n\t\t\t\t\t\t\t<img loading=\"lazy\" decoding=\"async\" width=\"240\" height=\"113\" src=\"https:\/\/vialade.fr\/wp-content\/uploads\/2024\/10\/Frame-14.png\" class=\"attachment-large size-large wp-image-1558\" alt=\"Certification IFS Broker\" \/>\t\t\t\t\t\t\t\t<\/a>\n\t\t\t\t\t\t\t\t\t\t\t\t\t\t\t<\/div>\n\t\t\t\t<\/div>\n\t\t\t\t<\/div>\n\t\t<div class=\"elementor-element elementor-element-d344f4b e-con-full e-flex elementor-invisible e-con e-child\" data-id=\"d344f4b\" data-element_type=\"container\" data-e-type=\"container\" data-settings=\"{&quot;animation&quot;:&quot;fadeInLeft&quot;}\">\n\t\t\t\t<div class=\"elementor-element elementor-element-7e9985b elementor-widget elementor-widget-image\" data-id=\"7e9985b\" data-element_type=\"widget\" data-e-type=\"widget\" data-widget_type=\"image.default\">\n\t\t\t\t<div class=\"elementor-widget-container\">\n\t\t\t\t\t\t\t\t\t\t\t\t\t\t\t\t<a href=\"https:\/\/agriculture.gouv.fr\/quest-ce-que-la-haute-valeur-environnementale\" target=\"_blank\" rel=\"noopener\">\n\t\t\t\t\t\t\t<img loading=\"lazy\" decoding=\"async\" width=\"131\" height=\"131\" src=\"https:\/\/vialade.fr\/wp-content\/uploads\/2024\/10\/Frame-13.png\" class=\"attachment-large size-large wp-image-1559\" alt=\"Certification Haute Valeur Environnemental\" \/>\t\t\t\t\t\t\t\t<\/a>\n\t\t\t\t\t\t\t\t\t\t\t\t\t\t\t<\/div>\n\t\t\t\t<\/div>\n\t\t\t\t<\/div>\n\t\t\t\t<\/div>\n\t\t<div class=\"elementor-element elementor-element-21edf5d e-con-full e-flex e-con e-child\" data-id=\"21edf5d\" data-element_type=\"container\" data-e-type=\"container\">\n\t\t<div class=\"elementor-element elementor-element-179f87f e-con-full e-flex elementor-invisible e-con e-child\" data-id=\"179f87f\" data-element_type=\"container\" data-e-type=\"container\" data-settings=\"{&quot;animation&quot;:&quot;fadeInLeft&quot;}\">\n\t\t\t\t<div class=\"elementor-element elementor-element-adc3413 elementor-widget elementor-widget-image\" data-id=\"adc3413\" data-element_type=\"widget\" data-e-type=\"widget\" data-widget_type=\"image.default\">\n\t\t\t\t<div class=\"elementor-widget-container\">\n\t\t\t\t\t\t\t\t\t\t\t\t\t\t\t\t<a href=\"https:\/\/agriculture.gouv.fr\/la-certification-en-agriculture-biologique\" target=\"_blank\" rel=\"noopener\">\n\t\t\t\t\t\t\t<img loading=\"lazy\" decoding=\"async\" width=\"289\" height=\"137\" src=\"https:\/\/vialade.fr\/wp-content\/uploads\/2024\/09\/image-10.png\" class=\"attachment-large size-large wp-image-1463\" alt=\"Certification Agriculture Biologique\" \/>\t\t\t\t\t\t\t\t<\/a>\n\t\t\t\t\t\t\t\t\t\t\t\t\t\t\t<\/div>\n\t\t\t\t<\/div>\n\t\t\t\t<\/div>\n\t\t<div class=\"elementor-element elementor-element-86ae97a e-con-full e-flex elementor-invisible e-con e-child\" data-id=\"86ae97a\" data-element_type=\"container\" data-e-type=\"container\" data-settings=\"{&quot;animation&quot;:&quot;fadeInLeft&quot;}\">\n\t\t\t\t<div class=\"elementor-element elementor-element-f4b333f elementor-widget elementor-widget-image\" data-id=\"f4b333f\" data-element_type=\"widget\" data-e-type=\"widget\" data-widget_type=\"image.default\">\n\t\t\t\t<div class=\"elementor-widget-container\">\n\t\t\t\t\t\t\t\t\t\t\t\t\t\t\t\t<a href=\"https:\/\/public.saintcharlesinternational.com\/demarche-qualite-saint-charles\/\" target=\"_blank\" rel=\"noopener\">\n\t\t\t\t\t\t\t<img loading=\"lazy\" decoding=\"async\" width=\"125\" height=\"132\" src=\"https:\/\/vialade.fr\/wp-content\/uploads\/2024\/09\/groupe-de-masques-18.png\" class=\"attachment-large size-large wp-image-1460\" alt=\"Logo du march\u00e9 de Saint Charles, d\u00e9marche qualit\u00e9\" \/>\t\t\t\t\t\t\t\t<\/a>\n\t\t\t\t\t\t\t\t\t\t\t\t\t\t\t<\/div>\n\t\t\t\t<\/div>\n\t\t\t\t<\/div>\n\t\t\t\t<\/div>\n\t\t\t\t<\/div>\n\t\t\t\t<\/div>\n\t\t\t\t\t<\/div>\n\t\t\t\t<\/div>\n\t\t\t\t<\/div>\n\t\t","protected":false},"excerpt":{"rendered":"<p>Lovers of nature and committed to the environment Maison Vialade is deeply rooted in a philosophy of respect and respect and preservation of the environment. Every day, we take concrete action to minimize our ecological impact. Our production sites use renewable energies, such as photovoltaic roofs, and optimize energy management with less energy-intensive technologies such [&hellip;]<\/p>\n","protected":false},"author":3,"featured_media":2827,"parent":0,"menu_order":0,"comment_status":"closed","ping_status":"closed","template":"","meta":{"inline_featured_image":false,"footnotes":""},"class_list":["post-2824","page","type-page","status-publish","has-post-thumbnail","hentry"],"_links":{"self":[{"href":"https:\/\/vialade.fr\/en\/wp-json\/wp\/v2\/pages\/2824","targetHints":{"allow":["GET"]}}],"collection":[{"href":"https:\/\/vialade.fr\/en\/wp-json\/wp\/v2\/pages"}],"about":[{"href":"https:\/\/vialade.fr\/en\/wp-json\/wp\/v2\/types\/page"}],"author":[{"embeddable":true,"href":"https:\/\/vialade.fr\/en\/wp-json\/wp\/v2\/users\/3"}],"replies":[{"embeddable":true,"href":"https:\/\/vialade.fr\/en\/wp-json\/wp\/v2\/comments?post=2824"}],"version-history":[{"count":1,"href":"https:\/\/vialade.fr\/en\/wp-json\/wp\/v2\/pages\/2824\/revisions"}],"predecessor-version":[{"id":2825,"href":"https:\/\/vialade.fr\/en\/wp-json\/wp\/v2\/pages\/2824\/revisions\/2825"}],"wp:featuredmedia":[{"embeddable":true,"href":"https:\/\/vialade.fr\/en\/wp-json\/wp\/v2\/media\/2827"}],"wp:attachment":[{"href":"https:\/\/vialade.fr\/en\/wp-json\/wp\/v2\/media?parent=2824"}],"curies":[{"name":"wp","href":"https:\/\/api.w.org\/{rel}","templated":true}]}}