{"id":3990,"date":"2026-04-09T10:06:40","date_gmt":"2026-04-09T08:06:40","guid":{"rendered":"https:\/\/vialade.fr\/?page_id=3990"},"modified":"2026-04-09T10:06:40","modified_gmt":"2026-04-09T08:06:40","slug":"white-23","status":"publish","type":"page","link":"https:\/\/vialade.fr\/en\/our-mushrooms\/the-cultivated-3\/white-23\/","title":{"rendered":"White"},"content":{"rendered":"\t\t<div data-elementor-type=\"wp-page\" data-elementor-id=\"3990\" class=\"elementor elementor-3990 elementor-3989\" data-elementor-post-type=\"page\">\n\t\t\t\t<div class=\"elementor-element elementor-element-2eebff3 e-flex e-con-boxed e-con e-parent\" data-id=\"2eebff3\" data-element_type=\"container\" data-e-type=\"container\">\n\t\t\t\t\t<div class=\"e-con-inner\">\n\t\t<div class=\"elementor-element elementor-element-7a6983e e-con-full e-flex e-con e-child\" data-id=\"7a6983e\" data-element_type=\"container\" data-e-type=\"container\">\n\t\t\t\t<div class=\"elementor-element elementor-element-e4ada79 elementor-invisible elementor-widget elementor-widget-heading\" data-id=\"e4ada79\" data-element_type=\"widget\" data-e-type=\"widget\" data-settings=\"{&quot;_animation&quot;:&quot;fadeInDown&quot;}\" data-widget_type=\"heading.default\">\n\t\t\t\t<div class=\"elementor-widget-container\">\n\t\t\t\t\t<h2 class=\"elementor-heading-title elementor-size-default\">Natural compost...<\/h2>\t\t\t\t<\/div>\n\t\t\t\t<\/div>\n\t\t\t\t<div class=\"elementor-element elementor-element-d38462e elementor-widget__width-initial elementor-widget elementor-widget-text-editor\" data-id=\"d38462e\" data-element_type=\"widget\" data-e-type=\"widget\" data-widget_type=\"text-editor.default\">\n\t\t\t\t<div class=\"elementor-widget-container\">\n\t\t\t\t\t\t\t\t\t<p data-start=\"328\" data-end=\"742\">La <strong data-start=\"331\" data-end=\"350\">fraise des bois<\/strong> est un fruit sauvage embl\u00e9matique que l\u2019on retrouve dans les <strong data-start=\"412\" data-end=\"470\">sous-bois, les lisi\u00e8res et les clairi\u00e8res ensoleill\u00e9es<\/strong>. Aussi appel\u00e9e <strong data-start=\"486\" data-end=\"504\">fraise sauvage<\/strong>, elle s\u00e9duit par son <strong data-start=\"526\" data-end=\"544\">parfum intense<\/strong> et sa richesse aromatique incomparable.<\/p><p data-start=\"328\" data-end=\"742\">Plus petite que la fraise cultiv\u00e9e, elle est pourtant consid\u00e9r\u00e9e comme l\u2019une des plus savoureuses, offrant une exp\u00e9rience gustative authentique et naturelle.<\/p><p data-start=\"744\" data-end=\"1059\">Symbole des cueillettes estivales, la fraise des bois \u00e9voque les plaisirs simples et les saveurs d\u2019autrefois. Sa chair fine et d\u00e9licate concentre un go\u00fbt \u00e0 la fois <strong data-start=\"908\" data-end=\"948\">sucr\u00e9, parfum\u00e9 et l\u00e9g\u00e8rement acidul\u00e9<\/strong>, ce qui en fait un produit recherch\u00e9 aussi bien par les amateurs que par les professionnels de la gastronomie.<\/p>\t\t\t\t\t\t\t\t<\/div>\n\t\t\t\t<\/div>\n\t\t\t\t<\/div>\n\t\t\t\t\t<\/div>\n\t\t\t\t<\/div>\n\t\t<div class=\"elementor-element elementor-element-1641e806 e-con-full e-flex e-con e-parent\" data-id=\"1641e806\" data-element_type=\"container\" data-e-type=\"container\" data-settings=\"{&quot;background_background&quot;:&quot;classic&quot;,&quot;background_motion_fx_motion_fx_mouse&quot;:&quot;yes&quot;}\">\n\t\t<div class=\"elementor-element elementor-element-224a2a38 e-con-full e-flex elementor-invisible e-con e-child\" data-id=\"224a2a38\" data-element_type=\"container\" data-e-type=\"container\" data-settings=\"{&quot;background_background&quot;:&quot;classic&quot;,&quot;animation&quot;:&quot;fadeInLeft&quot;}\">\n\t\t\t\t<div class=\"elementor-element elementor-element-4637c300 elementor-widget elementor-widget-n-accordion\" data-id=\"4637c300\" data-element_type=\"widget\" data-e-type=\"widget\" data-settings=\"{&quot;default_state&quot;:&quot;expanded&quot;,&quot;max_items_expended&quot;:&quot;one&quot;,&quot;n_accordion_animation_duration&quot;:{&quot;unit&quot;:&quot;ms&quot;,&quot;size&quot;:400,&quot;sizes&quot;:[]}}\" data-widget_type=\"nested-accordion.default\">\n\t\t\t\t<div class=\"elementor-widget-container\">\n\t\t\t\t\t\t\t<div class=\"e-n-accordion\" aria-label=\"Accordion. Open links with Enter or Space, close with Escape, and navigate with Arrow Keys\">\n\t\t\t\t\t\t<details id=\"e-n-accordion-item-1170\" class=\"e-n-accordion-item\" open>\n\t\t\t\t<summary class=\"e-n-accordion-item-title\" data-accordion-index=\"1\" tabindex=\"0\" aria-expanded=\"true\" aria-controls=\"e-n-accordion-item-1170\" >\n\t\t\t\t\t<span class='e-n-accordion-item-title-header'><div class=\"e-n-accordion-item-title-text\"> How can you recognize me? <\/div><\/span>\n\t\t\t\t\t\t\t<span class='e-n-accordion-item-title-icon'>\n\t\t\t<span class='e-opened' ><svg aria-hidden=\"true\" class=\"e-font-icon-svg e-fas-chevron-up\" viewBox=\"0 0 448 512\" xmlns=\"http:\/\/www.w3.org\/2000\/svg\"><path d=\"M240.971 130.524l194.343 194.343c9.373 9.373 9.373 24.569 0 33.941l-22.667 22.667c-9.357 9.357-24.522 9.375-33.901.04L224 227.495 69.255 381.516c-9.379 9.335-24.544 9.317-33.901-.04l-22.667-22.667c-9.373-9.373-9.373-24.569 0-33.941L207.03 130.525c9.372-9.373 24.568-9.373 33.941-.001z\"><\/path><\/svg><\/span>\n\t\t\t<span class='e-closed'><svg aria-hidden=\"true\" class=\"e-font-icon-svg e-fas-chevron-down\" viewBox=\"0 0 448 512\" xmlns=\"http:\/\/www.w3.org\/2000\/svg\"><path d=\"M207.029 381.476L12.686 187.132c-9.373-9.373-9.373-24.569 0-33.941l22.667-22.667c9.357-9.357 24.522-9.375 33.901-.04L224 284.505l154.745-154.021c9.379-9.335 24.544-9.317 33.901.04l22.667 22.667c9.373 9.373 9.373 24.569 0 33.941L240.971 381.476c-9.373 9.372-24.569 9.372-33.942 0z\"><\/path><\/svg><\/span>\n\t\t<\/span>\n\n\t\t\t\t\t\t<\/summary>\n\t\t\t\t<div role=\"region\" aria-labelledby=\"e-n-accordion-item-1170\" class=\"elementor-element elementor-element-6ca09c10 e-con-full e-flex e-con e-child\" data-id=\"6ca09c10\" data-element_type=\"container\" data-e-type=\"container\">\n\t\t\t\t<div class=\"elementor-element elementor-element-6ae490fc elementor-widget elementor-widget-text-editor\" data-id=\"6ae490fc\" data-element_type=\"widget\" data-e-type=\"widget\" data-widget_type=\"text-editor.default\">\n\t\t\t\t<div class=\"elementor-widget-container\">\n\t\t\t\t\t\t\t\t\t<p>A uniformly white color<\/p>\t\t\t\t\t\t\t\t<\/div>\n\t\t\t\t<\/div>\n\t\t\t\t<div class=\"elementor-element elementor-element-2c1ea7ce elementor-widget-divider--view-line elementor-widget elementor-widget-divider\" data-id=\"2c1ea7ce\" data-element_type=\"widget\" data-e-type=\"widget\" data-widget_type=\"divider.default\">\n\t\t\t\t<div class=\"elementor-widget-container\">\n\t\t\t\t\t\t\t<div class=\"elementor-divider\">\n\t\t\t<span class=\"elementor-divider-separator\">\n\t\t\t\t\t\t<\/span>\n\t\t<\/div>\n\t\t\t\t\t\t<\/div>\n\t\t\t\t<\/div>\n\t\t\t\t<div class=\"elementor-element elementor-element-3fea2672 elementor-widget elementor-widget-text-editor\" data-id=\"3fea2672\" data-element_type=\"widget\" data-e-type=\"widget\" data-widget_type=\"text-editor.default\">\n\t\t\t\t<div class=\"elementor-widget-container\">\n\t\t\t\t\t\t\t\t\t<p>Silky-smooth skin<\/p>\t\t\t\t\t\t\t\t<\/div>\n\t\t\t\t<\/div>\n\t\t\t\t<div class=\"elementor-element elementor-element-14076864 elementor-widget-divider--view-line elementor-widget elementor-widget-divider\" data-id=\"14076864\" data-element_type=\"widget\" data-e-type=\"widget\" data-widget_type=\"divider.default\">\n\t\t\t\t<div class=\"elementor-widget-container\">\n\t\t\t\t\t\t\t<div class=\"elementor-divider\">\n\t\t\t<span class=\"elementor-divider-separator\">\n\t\t\t\t\t\t<\/span>\n\t\t<\/div>\n\t\t\t\t\t\t<\/div>\n\t\t\t\t<\/div>\n\t\t\t\t<div class=\"elementor-element elementor-element-274d86d1 elementor-widget elementor-widget-text-editor\" data-id=\"274d86d1\" data-element_type=\"widget\" data-e-type=\"widget\" data-widget_type=\"text-editor.default\">\n\t\t\t\t<div class=\"elementor-widget-container\">\n\t\t\t\t\t\t\t\t\t<p>A round hat attached to a stubby, firm foot<\/p>\t\t\t\t\t\t\t\t<\/div>\n\t\t\t\t<\/div>\n\t\t\t\t<\/div>\n\t\t\t\t\t<\/details>\n\t\t\t\t\t\t<details id=\"e-n-accordion-item-1171\" class=\"e-n-accordion-item\" >\n\t\t\t\t<summary class=\"e-n-accordion-item-title\" data-accordion-index=\"2\" tabindex=\"-1\" aria-expanded=\"false\" aria-controls=\"e-n-accordion-item-1171\" >\n\t\t\t\t\t<span class='e-n-accordion-item-title-header'><div class=\"e-n-accordion-item-title-text\"> What are my nutritional benefits? <\/div><\/span>\n\t\t\t\t\t\t\t<span class='e-n-accordion-item-title-icon'>\n\t\t\t<span class='e-opened' ><svg aria-hidden=\"true\" class=\"e-font-icon-svg e-fas-chevron-up\" viewBox=\"0 0 448 512\" xmlns=\"http:\/\/www.w3.org\/2000\/svg\"><path d=\"M240.971 130.524l194.343 194.343c9.373 9.373 9.373 24.569 0 33.941l-22.667 22.667c-9.357 9.357-24.522 9.375-33.901.04L224 227.495 69.255 381.516c-9.379 9.335-24.544 9.317-33.901-.04l-22.667-22.667c-9.373-9.373-9.373-24.569 0-33.941L207.03 130.525c9.372-9.373 24.568-9.373 33.941-.001z\"><\/path><\/svg><\/span>\n\t\t\t<span class='e-closed'><svg aria-hidden=\"true\" class=\"e-font-icon-svg e-fas-chevron-down\" viewBox=\"0 0 448 512\" xmlns=\"http:\/\/www.w3.org\/2000\/svg\"><path d=\"M207.029 381.476L12.686 187.132c-9.373-9.373-9.373-24.569 0-33.941l22.667-22.667c9.357-9.357 24.522-9.375 33.901-.04L224 284.505l154.745-154.021c9.379-9.335 24.544-9.317 33.901.04l22.667 22.667c9.373 9.373 9.373 24.569 0 33.941L240.971 381.476c-9.373 9.372-24.569 9.372-33.942 0z\"><\/path><\/svg><\/span>\n\t\t<\/span>\n\n\t\t\t\t\t\t<\/summary>\n\t\t\t\t<div role=\"region\" aria-labelledby=\"e-n-accordion-item-1171\" class=\"elementor-element elementor-element-58a1125 e-con-full e-flex e-con e-child\" data-id=\"58a1125\" data-element_type=\"container\" data-e-type=\"container\">\n\t\t\t\t<div class=\"elementor-element elementor-element-2d41626 elementor-widget elementor-widget-text-editor\" data-id=\"2d41626\" data-element_type=\"widget\" data-e-type=\"widget\" data-widget_type=\"text-editor.default\">\n\t\t\t\t<div class=\"elementor-widget-container\">\n\t\t\t\t\t\t\t\t\t<p>Low-calorie<\/p>\t\t\t\t\t\t\t\t<\/div>\n\t\t\t\t<\/div>\n\t\t\t\t<div class=\"elementor-element elementor-element-bd72de3 elementor-widget-divider--view-line elementor-widget elementor-widget-divider\" data-id=\"bd72de3\" data-element_type=\"widget\" data-e-type=\"widget\" data-widget_type=\"divider.default\">\n\t\t\t\t<div class=\"elementor-widget-container\">\n\t\t\t\t\t\t\t<div class=\"elementor-divider\">\n\t\t\t<span class=\"elementor-divider-separator\">\n\t\t\t\t\t\t<\/span>\n\t\t<\/div>\n\t\t\t\t\t\t<\/div>\n\t\t\t\t<\/div>\n\t\t\t\t<div class=\"elementor-element elementor-element-725fef1 elementor-widget elementor-widget-text-editor\" data-id=\"725fef1\" data-element_type=\"widget\" data-e-type=\"widget\" data-widget_type=\"text-editor.default\">\n\t\t\t\t<div class=\"elementor-widget-container\">\n\t\t\t\t\t\t\t\t\t<p>Rich in minerals, vitamins, trace elements <br>and antioxidants<\/p>\t\t\t\t\t\t\t\t<\/div>\n\t\t\t\t<\/div>\n\t\t\t\t<div class=\"elementor-element elementor-element-f5ed412 elementor-widget-divider--view-line elementor-widget elementor-widget-divider\" data-id=\"f5ed412\" data-element_type=\"widget\" data-e-type=\"widget\" data-widget_type=\"divider.default\">\n\t\t\t\t<div class=\"elementor-widget-container\">\n\t\t\t\t\t\t\t<div class=\"elementor-divider\">\n\t\t\t<span class=\"elementor-divider-separator\">\n\t\t\t\t\t\t<\/span>\n\t\t<\/div>\n\t\t\t\t\t\t<\/div>\n\t\t\t\t<\/div>\n\t\t\t\t<div class=\"elementor-element elementor-element-f244a9c elementor-widget elementor-widget-text-editor\" data-id=\"f244a9c\" data-element_type=\"widget\" data-e-type=\"widget\" data-widget_type=\"text-editor.default\">\n\t\t\t\t<div class=\"elementor-widget-container\">\n\t\t\t\t\t\t\t\t\t<p>Contains glycogen<\/p>\t\t\t\t\t\t\t\t<\/div>\n\t\t\t\t<\/div>\n\t\t\t\t<\/div>\n\t\t\t\t\t<\/details>\n\t\t\t\t\t<\/div>\n\t\t\t\t\t\t<\/div>\n\t\t\t\t<\/div>\n\t\t\t\t<\/div>\n\t\t<div class=\"elementor-element elementor-element-b7b1efd e-con-full e-flex elementor-invisible e-con e-child\" data-id=\"b7b1efd\" data-element_type=\"container\" data-e-type=\"container\" data-settings=\"{&quot;animation&quot;:&quot;fadeInRight&quot;}\">\n\t\t\t\t<div class=\"elementor-element elementor-element-69de8d69 elementor-widget__width-initial elementor-widget elementor-widget-image\" data-id=\"69de8d69\" data-element_type=\"widget\" data-e-type=\"widget\" data-widget_type=\"image.default\">\n\t\t\t\t<div class=\"elementor-widget-container\">\n\t\t\t\t\t\t\t\t\t\t\t\t\t\t\t<img decoding=\"async\" src=\"https:\/\/vialade.fr\/wp-content\/uploads\/2026\/04\/fraise-des-bois-blanchebarquette.webp\" title=\"fraise des bois blanchebarquette\" alt=\"fraise des bois blanche barquette\" loading=\"lazy\" \/>\t\t\t\t\t\t\t\t\t\t\t\t\t\t\t<\/div>\n\t\t\t\t<\/div>\n\t\t\t\t<\/div>\n\t\t\t\t<div class=\"elementor-element elementor-element-6fd513d3 elementor-absolute animated-slow elementor-hidden-tablet elementor-hidden-mobile elementor-invisible elementor-widget elementor-widget-image\" data-id=\"6fd513d3\" data-element_type=\"widget\" data-e-type=\"widget\" data-settings=\"{&quot;_position&quot;:&quot;absolute&quot;,&quot;motion_fx_motion_fx_scrolling&quot;:&quot;yes&quot;,&quot;motion_fx_translateY_effect&quot;:&quot;yes&quot;,&quot;_animation&quot;:&quot;fadeIn&quot;,&quot;motion_fx_translateY_speed&quot;:{&quot;unit&quot;:&quot;px&quot;,&quot;size&quot;:4,&quot;sizes&quot;:[]},&quot;motion_fx_translateY_affectedRange&quot;:{&quot;unit&quot;:&quot;%&quot;,&quot;size&quot;:&quot;&quot;,&quot;sizes&quot;:{&quot;start&quot;:0,&quot;end&quot;:100}},&quot;motion_fx_devices&quot;:[&quot;desktop&quot;,&quot;tablet&quot;,&quot;mobile&quot;]}\" data-widget_type=\"image.default\">\n\t\t\t\t<div class=\"elementor-widget-container\">\n\t\t\t\t\t\t\t\t\t\t\t\t\t\t\t<img fetchpriority=\"high\" decoding=\"async\" width=\"378\" height=\"339\" src=\"https:\/\/vialade.fr\/wp-content\/uploads\/2024\/09\/feuilles-3.png\" class=\"attachment-medium_large size-medium_large wp-image-1476\" alt=\"Feuille d&#039;automne qui tombent\" srcset=\"https:\/\/vialade.fr\/wp-content\/uploads\/2024\/09\/feuilles-3.png 378w, https:\/\/vialade.fr\/wp-content\/uploads\/2024\/09\/feuilles-3-300x269.png 300w\" sizes=\"(max-width: 378px) 100vw, 378px\" \/>\t\t\t\t\t\t\t\t\t\t\t\t\t\t\t<\/div>\n\t\t\t\t<\/div>\n\t\t\t\t<\/div>\n\t\t<div class=\"elementor-element elementor-element-4a77579a e-con-full e-flex e-con e-parent\" data-id=\"4a77579a\" data-element_type=\"container\" data-e-type=\"container\">\n\t\t<div class=\"elementor-element elementor-element-5172573 e-con-full e-flex e-con e-child\" data-id=\"5172573\" data-element_type=\"container\" data-e-type=\"container\">\n\t\t\t\t<div class=\"elementor-element elementor-element-20e701e elementor-widget__width-initial elementor-widget elementor-widget-heading\" data-id=\"20e701e\" data-element_type=\"widget\" data-e-type=\"widget\" data-widget_type=\"heading.default\">\n\t\t\t\t<div class=\"elementor-widget-container\">\n\t\t\t\t\t<h2 class=\"elementor-heading-title elementor-size-default\">On distingue :<\/h2>\t\t\t\t<\/div>\n\t\t\t\t<\/div>\n\t\t\t\t<div class=\"elementor-element elementor-element-c253c72 elementor-widget__width-initial elementor-widget elementor-widget-text-editor\" data-id=\"c253c72\" data-element_type=\"widget\" data-e-type=\"widget\" data-widget_type=\"text-editor.default\">\n\t\t\t\t<div class=\"elementor-widget-container\">\n\t\t\t\t\t\t\t\t\t<ul><li data-section-id=\"pu1wf3\" data-start=\"1123\" data-end=\"1271\"><strong data-start=\"1128\" data-end=\"1156\">La fraise des bois rouge<\/strong>, la plus r\u00e9pandue, reconnaissable \u00e0 sa <strong data-start=\"1196\" data-end=\"1217\">couleur rouge vif<\/strong> et \u00e0 son go\u00fbt <strong data-start=\"1232\" data-end=\"1269\">intense, sucr\u00e9 et tr\u00e8s aromatique<\/strong><\/li><li data-section-id=\"pu1wf3\" data-start=\"1123\" data-end=\"1271\"><strong data-start=\"1277\" data-end=\"1307\">La fraise des bois blanche<\/strong>, plus rare, \u00e0 la <strong data-start=\"1325\" data-end=\"1354\">teinte claire et \u00e9l\u00e9gante<\/strong>, offrant une saveur <strong data-start=\"1375\" data-end=\"1420\">plus douce, subtile et l\u00e9g\u00e8rement florale<\/strong><\/li><\/ul><div><span style=\"color: #cc632d;\"><b>\u00a0<\/b><\/span><\/div><div>Ces deux d\u00e9clinaisons permettent d\u2019explorer toute la richesse de ce fruit sauvage, entre puissance aromatique et finesse.<b><\/b><\/div>\t\t\t\t\t\t\t\t<\/div>\n\t\t\t\t<\/div>\n\t\t\t\t<\/div>\n\t\t\t\t<\/div>\n\t\t<div class=\"elementor-element elementor-element-73d76abb e-con-full e-flex e-con e-parent\" data-id=\"73d76abb\" data-element_type=\"container\" data-e-type=\"container\" data-settings=\"{&quot;background_background&quot;:&quot;classic&quot;}\">\n\t\t<div class=\"elementor-element elementor-element-25083833 e-con-full e-flex elementor-invisible e-con e-child\" data-id=\"25083833\" data-element_type=\"container\" data-e-type=\"container\" data-settings=\"{&quot;animation&quot;:&quot;fadeInLeft&quot;}\">\n\t\t\t\t<div class=\"elementor-element elementor-element-3c0c1bae elementor-widget elementor-widget-heading\" data-id=\"3c0c1bae\" data-element_type=\"widget\" data-e-type=\"widget\" data-widget_type=\"heading.default\">\n\t\t\t\t<div class=\"elementor-widget-container\">\n\t\t\t\t\t<h2 class=\"elementor-heading-title elementor-size-default\">at<br> the plate...<\/h2>\t\t\t\t<\/div>\n\t\t\t\t<\/div>\n\t\t\t\t<div class=\"elementor-element elementor-element-4640bcae elementor-widget elementor-widget-text-editor\" data-id=\"4640bcae\" data-element_type=\"widget\" data-e-type=\"widget\" data-widget_type=\"text-editor.default\">\n\t\t\t\t<div class=\"elementor-widget-container\">\n\t\t\t\t\t\t\t\t\t<p>White mushrooms are distinguished by their mild, subtle flavor and tender flesh.\nTheir delicate texture makes them a versatile ingredient, ideal for a wide variety of preparations.\nThey&#8217;re the perfect accompaniment to your favorite dishes, and can be adapted to a wide range of recipes!  <\/p>\t\t\t\t\t\t\t\t<\/div>\n\t\t\t\t<\/div>\n\t\t\t\t<\/div>\n\t\t<div class=\"elementor-element elementor-element-3a8baf96 e-con-full e-flex e-con e-child\" data-id=\"3a8baf96\" data-element_type=\"container\" data-e-type=\"container\">\n\t\t<div class=\"elementor-element elementor-element-4f0212d e-con-full e-flex e-con e-child\" data-id=\"4f0212d\" data-element_type=\"container\" data-e-type=\"container\">\n\t\t\t\t<div class=\"elementor-element elementor-element-539662b5 elementor-widget__width-initial elementor-invisible elementor-widget elementor-widget-image\" data-id=\"539662b5\" data-element_type=\"widget\" data-e-type=\"widget\" data-settings=\"{&quot;_animation&quot;:&quot;fadeInUp&quot;}\" data-widget_type=\"image.default\">\n\t\t\t\t<div class=\"elementor-widget-container\">\n\t\t\t\t\t\t\t\t\t\t\t\t\t\t\t<img decoding=\"async\" width=\"1152\" height=\"1536\" src=\"https:\/\/vialade.fr\/wp-content\/uploads\/2026\/04\/WhatsApp-Image-2026-03-20-at-09.44.54-1152x1536.jpeg\" class=\"attachment-1536x1536 size-1536x1536 wp-image-3947\" alt=\"Assiette Pavlova friase des bois\" srcset=\"https:\/\/vialade.fr\/wp-content\/uploads\/2026\/04\/WhatsApp-Image-2026-03-20-at-09.44.54-1152x1536.jpeg 1152w, https:\/\/vialade.fr\/wp-content\/uploads\/2026\/04\/WhatsApp-Image-2026-03-20-at-09.44.54-225x300.jpeg 225w, https:\/\/vialade.fr\/wp-content\/uploads\/2026\/04\/WhatsApp-Image-2026-03-20-at-09.44.54-768x1024.jpeg 768w, https:\/\/vialade.fr\/wp-content\/uploads\/2026\/04\/WhatsApp-Image-2026-03-20-at-09.44.54.jpeg 1200w\" sizes=\"(max-width: 1152px) 100vw, 1152px\" \/>\t\t\t\t\t\t\t\t\t\t\t\t\t\t\t<\/div>\n\t\t\t\t<\/div>\n\t\t\t\t<\/div>\n\t\t\t\t<\/div>\n\t\t\t\t<\/div>\n\t\t<div class=\"elementor-element elementor-element-7cf289e e-flex e-con-boxed e-con e-parent\" data-id=\"7cf289e\" data-element_type=\"container\" data-e-type=\"container\">\n\t\t\t\t\t<div class=\"e-con-inner\">\n\t\t<div class=\"elementor-element elementor-element-b03ca47 e-con-full e-flex e-con e-child\" data-id=\"b03ca47\" data-element_type=\"container\" data-e-type=\"container\">\n\t\t\t\t<\/div>\n\t\t\t\t\t<\/div>\n\t\t\t\t<\/div>\n\t\t<div class=\"elementor-element elementor-element-91fd1eb e-con-full e-flex e-con e-parent\" data-id=\"91fd1eb\" data-element_type=\"container\" data-e-type=\"container\">\n\t\t\t\t<div class=\"elementor-element elementor-element-6ae0de5 elementor-widget__width-initial elementor-widget elementor-widget-heading\" data-id=\"6ae0de5\" data-element_type=\"widget\" data-e-type=\"widget\" data-widget_type=\"heading.default\">\n\t\t\t\t<div class=\"elementor-widget-container\">\n\t\t\t\t\t<h2 class=\"elementor-heading-title elementor-size-default\">Quand les trouver ?<\/h2>\t\t\t\t<\/div>\n\t\t\t\t<\/div>\n\t\t\t\t<\/div>\n\t\t<div class=\"elementor-element elementor-element-caba791 e-flex e-con-boxed e-con e-parent\" data-id=\"caba791\" data-element_type=\"container\" data-e-type=\"container\">\n\t\t\t\t\t<div class=\"e-con-inner\">\n\t\t<div class=\"elementor-element elementor-element-a6789c1 e-con-full e-flex e-con e-child\" data-id=\"a6789c1\" data-element_type=\"container\" data-e-type=\"container\">\n\t\t\t\t<\/div>\n\t\t\t\t<div class=\"elementor-element elementor-element-74788e7 elementor-widget elementor-widget-image\" data-id=\"74788e7\" data-element_type=\"widget\" data-e-type=\"widget\" data-widget_type=\"image.default\">\n\t\t\t\t<div class=\"elementor-widget-container\">\n\t\t\t\t\t\t\t\t\t\t\t\t\t\t\t<img decoding=\"async\" width=\"800\" height=\"450\" src=\"https:\/\/vialade.fr\/wp-content\/uploads\/2026\/04\/Calendrier-saison-sauvage-site-internet-40-1024x576.png\" class=\"attachment-large size-large wp-image-3955\" alt=\"Calendrier saison fraise des bois\" srcset=\"https:\/\/vialade.fr\/wp-content\/uploads\/2026\/04\/Calendrier-saison-sauvage-site-internet-40-1024x576.png 1024w, https:\/\/vialade.fr\/wp-content\/uploads\/2026\/04\/Calendrier-saison-sauvage-site-internet-40-300x169.png 300w, https:\/\/vialade.fr\/wp-content\/uploads\/2026\/04\/Calendrier-saison-sauvage-site-internet-40-768x432.png 768w, https:\/\/vialade.fr\/wp-content\/uploads\/2026\/04\/Calendrier-saison-sauvage-site-internet-40.png 1366w\" sizes=\"(max-width: 800px) 100vw, 800px\" \/>\t\t\t\t\t\t\t\t\t\t\t\t\t\t\t<\/div>\n\t\t\t\t<\/div>\n\t\t\t\t\t<\/div>\n\t\t\t\t<\/div>\n\t\t<div class=\"elementor-element elementor-element-61f21a3 e-flex e-con-boxed e-con e-parent\" data-id=\"61f21a3\" data-element_type=\"container\" data-e-type=\"container\">\n\t\t\t\t\t<div class=\"e-con-inner\">\n\t\t\t\t<div class=\"elementor-element elementor-element-b704bea elementor-widget elementor-widget-text-editor\" data-id=\"b704bea\" data-element_type=\"widget\" data-e-type=\"widget\" data-widget_type=\"text-editor.default\">\n\t\t\t\t<div class=\"elementor-widget-container\">\n\t\t\t\t\t\t\t\t\t<p data-start=\"1545\" data-end=\"1894\">La plante de la fraise des bois se d\u00e9veloppe au ras du sol, formant de petits tapis de <strong data-start=\"1632\" data-end=\"1687\">feuilles vertes dent\u00e9es compos\u00e9es de trois folioles<\/strong>. Elle appr\u00e9cie les <strong data-start=\"1707\" data-end=\"1751\">sols riches, frais et l\u00e9g\u00e8rement humides<\/strong>, ainsi que les zones mi-ombrag\u00e9es. Sa culture et sa r\u00e9colte demandent une grande attention, notamment en raison de la fragilit\u00e9 de ses fruits.<\/p><p data-start=\"1896\" data-end=\"2165\">La <strong data-start=\"1899\" data-end=\"1931\">saison de la fraise des bois<\/strong> s\u2019\u00e9tend g\u00e9n\u00e9ralement de <strong data-start=\"1956\" data-end=\"1973\">mai \u00e0 juillet<\/strong>, avec des variations selon les conditions climatiques. Les fruits sont r\u00e9colt\u00e9s \u00e0 <strong data-start=\"2056\" data-end=\"2077\">maturit\u00e9 optimale<\/strong>, garantissant ainsi une qualit\u00e9 gustative exceptionnelle et une fra\u00eecheur incomparable.<\/p><p data-start=\"2167\" data-end=\"2580\">Engag\u00e9es dans une d\u00e9marche respectueuse de l\u2019environnement, les pratiques de culture privil\u00e9gient une approche <strong data-start=\"2278\" data-end=\"2309\">\u00e9coresponsable et naturelle<\/strong>. Les fraises sont cultiv\u00e9es en pleine terre, favorisant la biodiversit\u00e9 et le d\u00e9veloppement d\u2019un \u00e9cosyst\u00e8me \u00e9quilibr\u00e9. Les cycles naturels sont respect\u00e9s, et les ressources v\u00e9g\u00e9tales sont valoris\u00e9es, notamment gr\u00e2ce \u00e0 la r\u00e9utilisation des mati\u00e8res organiques en compost.<\/p><p>\u00a0<\/p><p data-start=\"2582\" data-end=\"2752\">Les plants sont s\u00e9lectionn\u00e9s avec soin et reproduits naturellement, sans modification g\u00e9n\u00e9tique, afin de pr\u00e9server l\u2019authenticit\u00e9 du produit et la richesse de ses ar\u00f4mes.<\/p>\t\t\t\t\t\t\t\t<\/div>\n\t\t\t\t<\/div>\n\t\t\t\t\t<\/div>\n\t\t\t\t<\/div>\n\t\t\t\t<\/div>\n\t\t","protected":false},"excerpt":{"rendered":"<p>Natural compost&#8230; La fraise des bois est un fruit sauvage embl\u00e9matique que l\u2019on retrouve dans les sous-bois, les lisi\u00e8res et les clairi\u00e8res ensoleill\u00e9es. Aussi appel\u00e9e fraise sauvage, elle s\u00e9duit par son parfum intense et sa richesse aromatique incomparable. Plus petite que la fraise cultiv\u00e9e, elle est pourtant consid\u00e9r\u00e9e comme l\u2019une des plus savoureuses, offrant une [&hellip;]<\/p>\n","protected":false},"author":3,"featured_media":3943,"parent":3861,"menu_order":0,"comment_status":"closed","ping_status":"closed","template":"","meta":{"inline_featured_image":false,"footnotes":""},"class_list":["post-3990","page","type-page","status-publish","has-post-thumbnail","hentry"],"_links":{"self":[{"href":"https:\/\/vialade.fr\/en\/wp-json\/wp\/v2\/pages\/3990","targetHints":{"allow":["GET"]}}],"collection":[{"href":"https:\/\/vialade.fr\/en\/wp-json\/wp\/v2\/pages"}],"about":[{"href":"https:\/\/vialade.fr\/en\/wp-json\/wp\/v2\/types\/page"}],"author":[{"embeddable":true,"href":"https:\/\/vialade.fr\/en\/wp-json\/wp\/v2\/users\/3"}],"replies":[{"embeddable":true,"href":"https:\/\/vialade.fr\/en\/wp-json\/wp\/v2\/comments?post=3990"}],"version-history":[{"count":1,"href":"https:\/\/vialade.fr\/en\/wp-json\/wp\/v2\/pages\/3990\/revisions"}],"predecessor-version":[{"id":3991,"href":"https:\/\/vialade.fr\/en\/wp-json\/wp\/v2\/pages\/3990\/revisions\/3991"}],"up":[{"embeddable":true,"href":"https:\/\/vialade.fr\/en\/wp-json\/wp\/v2\/pages\/3861"}],"wp:featuredmedia":[{"embeddable":true,"href":"https:\/\/vialade.fr\/en\/wp-json\/wp\/v2\/media\/3943"}],"wp:attachment":[{"href":"https:\/\/vialade.fr\/en\/wp-json\/wp\/v2\/media?parent=3990"}],"curies":[{"name":"wp","href":"https:\/\/api.w.org\/{rel}","templated":true}]}}