{"id":4092,"date":"2026-04-09T14:56:12","date_gmt":"2026-04-09T12:56:12","guid":{"rendered":"https:\/\/vialade.fr\/?page_id=4092"},"modified":"2026-04-09T14:58:35","modified_gmt":"2026-04-09T12:58:35","slug":"white-2","status":"publish","type":"page","link":"https:\/\/vialade.fr\/en\/our-mushrooms\/the-cultivated-3\/white-2\/","title":{"rendered":"White"},"content":{"rendered":"\t\t<div data-elementor-type=\"wp-page\" data-elementor-id=\"4092\" class=\"elementor elementor-4092 elementor-4091\" data-elementor-post-type=\"page\">\n\t\t\t\t<div class=\"elementor-element elementor-element-2eebff3 e-flex e-con-boxed e-con e-parent\" data-id=\"2eebff3\" data-element_type=\"container\" data-e-type=\"container\">\n\t\t\t\t\t<div class=\"e-con-inner\">\n\t\t<div class=\"elementor-element elementor-element-7a6983e e-con-full e-flex e-con e-child\" data-id=\"7a6983e\" data-element_type=\"container\" data-e-type=\"container\">\n\t\t\t\t<div class=\"elementor-element elementor-element-e4ada79 elementor-invisible elementor-widget elementor-widget-heading\" data-id=\"e4ada79\" data-element_type=\"widget\" data-e-type=\"widget\" data-settings=\"{&quot;_animation&quot;:&quot;fadeInDown&quot;}\" data-widget_type=\"heading.default\">\n\t\t\t\t<div class=\"elementor-widget-container\">\n\t\t\t\t\t<h2 class=\"elementor-heading-title elementor-size-default\">Natural compost...<\/h2>\t\t\t\t<\/div>\n\t\t\t\t<\/div>\n\t\t\t\t<div class=\"elementor-element elementor-element-d38462e elementor-widget__width-initial elementor-widget elementor-widget-text-editor\" data-id=\"d38462e\" data-element_type=\"widget\" data-e-type=\"widget\" data-widget_type=\"text-editor.default\">\n\t\t\t\t<div class=\"elementor-widget-container\">\n\t\t\t\t\t\t\t\t\t<p data-start=\"254\" data-end=\"557\">La <strong data-start=\"257\" data-end=\"282\">feuille de champignon<\/strong> est un produit original et surprenant, appr\u00e9ci\u00e9 pour son <strong data-start=\"340\" data-end=\"389\">go\u00fbt naturellement proche du champignon frais<\/strong>. D\u2019un <strong data-start=\"396\" data-end=\"419\">vert fonc\u00e9 brillant<\/strong>, elle se distingue par sa <strong data-start=\"446\" data-end=\"481\">forme ovale et sa texture douce<\/strong>, apportant \u00e0 la fois \u00e9l\u00e9gance visuelle et int\u00e9r\u00eat gustatif dans l\u2019assiette.<\/p><p data-start=\"559\" data-end=\"774\">Encore peu connue, cette feuille s\u00e9duit de plus en plus les chefs et les amateurs de cuisine cr\u00e9ative pour sa capacit\u00e9 \u00e0 apporter une <strong data-start=\"693\" data-end=\"727\">note umami subtile et v\u00e9g\u00e9tale<\/strong>, sans avoir recours directement au champignon.<\/p>\t\t\t\t\t\t\t\t<\/div>\n\t\t\t\t<\/div>\n\t\t\t\t<\/div>\n\t\t\t\t\t<\/div>\n\t\t\t\t<\/div>\n\t\t<div class=\"elementor-element elementor-element-1641e806 e-con-full e-flex e-con e-parent\" data-id=\"1641e806\" data-element_type=\"container\" data-e-type=\"container\" data-settings=\"{&quot;background_background&quot;:&quot;classic&quot;,&quot;background_motion_fx_motion_fx_mouse&quot;:&quot;yes&quot;}\">\n\t\t<div class=\"elementor-element elementor-element-224a2a38 e-con-full e-flex elementor-invisible e-con e-child\" data-id=\"224a2a38\" data-element_type=\"container\" data-e-type=\"container\" data-settings=\"{&quot;background_background&quot;:&quot;classic&quot;,&quot;animation&quot;:&quot;fadeInLeft&quot;}\">\n\t\t\t\t<div class=\"elementor-element elementor-element-4637c300 elementor-widget elementor-widget-n-accordion\" data-id=\"4637c300\" data-element_type=\"widget\" data-e-type=\"widget\" data-settings=\"{&quot;default_state&quot;:&quot;expanded&quot;,&quot;max_items_expended&quot;:&quot;one&quot;,&quot;n_accordion_animation_duration&quot;:{&quot;unit&quot;:&quot;ms&quot;,&quot;size&quot;:400,&quot;sizes&quot;:[]}}\" data-widget_type=\"nested-accordion.default\">\n\t\t\t\t<div class=\"elementor-widget-container\">\n\t\t\t\t\t\t\t<div class=\"e-n-accordion\" aria-label=\"Accordion. Open links with Enter or Space, close with Escape, and navigate with Arrow Keys\">\n\t\t\t\t\t\t<details id=\"e-n-accordion-item-1170\" class=\"e-n-accordion-item\" open>\n\t\t\t\t<summary class=\"e-n-accordion-item-title\" data-accordion-index=\"1\" tabindex=\"0\" aria-expanded=\"true\" aria-controls=\"e-n-accordion-item-1170\" >\n\t\t\t\t\t<span class='e-n-accordion-item-title-header'><div class=\"e-n-accordion-item-title-text\"> How can you recognize me? <\/div><\/span>\n\t\t\t\t\t\t\t<span class='e-n-accordion-item-title-icon'>\n\t\t\t<span class='e-opened' ><svg aria-hidden=\"true\" class=\"e-font-icon-svg e-fas-chevron-up\" viewBox=\"0 0 448 512\" xmlns=\"http:\/\/www.w3.org\/2000\/svg\"><path d=\"M240.971 130.524l194.343 194.343c9.373 9.373 9.373 24.569 0 33.941l-22.667 22.667c-9.357 9.357-24.522 9.375-33.901.04L224 227.495 69.255 381.516c-9.379 9.335-24.544 9.317-33.901-.04l-22.667-22.667c-9.373-9.373-9.373-24.569 0-33.941L207.03 130.525c9.372-9.373 24.568-9.373 33.941-.001z\"><\/path><\/svg><\/span>\n\t\t\t<span class='e-closed'><svg aria-hidden=\"true\" class=\"e-font-icon-svg e-fas-chevron-down\" viewBox=\"0 0 448 512\" xmlns=\"http:\/\/www.w3.org\/2000\/svg\"><path d=\"M207.029 381.476L12.686 187.132c-9.373-9.373-9.373-24.569 0-33.941l22.667-22.667c9.357-9.357 24.522-9.375 33.901-.04L224 284.505l154.745-154.021c9.379-9.335 24.544-9.317 33.901.04l22.667 22.667c9.373 9.373 9.373 24.569 0 33.941L240.971 381.476c-9.373 9.372-24.569 9.372-33.942 0z\"><\/path><\/svg><\/span>\n\t\t<\/span>\n\n\t\t\t\t\t\t<\/summary>\n\t\t\t\t<div role=\"region\" aria-labelledby=\"e-n-accordion-item-1170\" class=\"elementor-element elementor-element-6ca09c10 e-con-full e-flex e-con e-child\" data-id=\"6ca09c10\" data-element_type=\"container\" data-e-type=\"container\">\n\t\t\t\t<div class=\"elementor-element elementor-element-6ae490fc elementor-widget elementor-widget-text-editor\" data-id=\"6ae490fc\" data-element_type=\"widget\" data-e-type=\"widget\" data-widget_type=\"text-editor.default\">\n\t\t\t\t<div class=\"elementor-widget-container\">\n\t\t\t\t\t\t\t\t\t<p>A uniformly white color<\/p>\t\t\t\t\t\t\t\t<\/div>\n\t\t\t\t<\/div>\n\t\t\t\t<div class=\"elementor-element elementor-element-2c1ea7ce elementor-widget-divider--view-line elementor-widget elementor-widget-divider\" data-id=\"2c1ea7ce\" data-element_type=\"widget\" data-e-type=\"widget\" data-widget_type=\"divider.default\">\n\t\t\t\t<div class=\"elementor-widget-container\">\n\t\t\t\t\t\t\t<div class=\"elementor-divider\">\n\t\t\t<span class=\"elementor-divider-separator\">\n\t\t\t\t\t\t<\/span>\n\t\t<\/div>\n\t\t\t\t\t\t<\/div>\n\t\t\t\t<\/div>\n\t\t\t\t<div class=\"elementor-element elementor-element-3fea2672 elementor-widget elementor-widget-text-editor\" data-id=\"3fea2672\" data-element_type=\"widget\" data-e-type=\"widget\" data-widget_type=\"text-editor.default\">\n\t\t\t\t<div class=\"elementor-widget-container\">\n\t\t\t\t\t\t\t\t\t<p>Silky-smooth skin<\/p>\t\t\t\t\t\t\t\t<\/div>\n\t\t\t\t<\/div>\n\t\t\t\t<div class=\"elementor-element elementor-element-14076864 elementor-widget-divider--view-line elementor-widget elementor-widget-divider\" data-id=\"14076864\" data-element_type=\"widget\" data-e-type=\"widget\" data-widget_type=\"divider.default\">\n\t\t\t\t<div class=\"elementor-widget-container\">\n\t\t\t\t\t\t\t<div class=\"elementor-divider\">\n\t\t\t<span class=\"elementor-divider-separator\">\n\t\t\t\t\t\t<\/span>\n\t\t<\/div>\n\t\t\t\t\t\t<\/div>\n\t\t\t\t<\/div>\n\t\t\t\t<div class=\"elementor-element elementor-element-274d86d1 elementor-widget elementor-widget-text-editor\" data-id=\"274d86d1\" data-element_type=\"widget\" data-e-type=\"widget\" data-widget_type=\"text-editor.default\">\n\t\t\t\t<div class=\"elementor-widget-container\">\n\t\t\t\t\t\t\t\t\t<p>A round hat attached to a stubby, firm foot<\/p>\t\t\t\t\t\t\t\t<\/div>\n\t\t\t\t<\/div>\n\t\t\t\t<\/div>\n\t\t\t\t\t<\/details>\n\t\t\t\t\t\t<details id=\"e-n-accordion-item-1171\" class=\"e-n-accordion-item\" >\n\t\t\t\t<summary class=\"e-n-accordion-item-title\" data-accordion-index=\"2\" tabindex=\"-1\" aria-expanded=\"false\" aria-controls=\"e-n-accordion-item-1171\" >\n\t\t\t\t\t<span class='e-n-accordion-item-title-header'><div class=\"e-n-accordion-item-title-text\"> What are my nutritional benefits? <\/div><\/span>\n\t\t\t\t\t\t\t<span class='e-n-accordion-item-title-icon'>\n\t\t\t<span class='e-opened' ><svg aria-hidden=\"true\" class=\"e-font-icon-svg e-fas-chevron-up\" viewBox=\"0 0 448 512\" xmlns=\"http:\/\/www.w3.org\/2000\/svg\"><path d=\"M240.971 130.524l194.343 194.343c9.373 9.373 9.373 24.569 0 33.941l-22.667 22.667c-9.357 9.357-24.522 9.375-33.901.04L224 227.495 69.255 381.516c-9.379 9.335-24.544 9.317-33.901-.04l-22.667-22.667c-9.373-9.373-9.373-24.569 0-33.941L207.03 130.525c9.372-9.373 24.568-9.373 33.941-.001z\"><\/path><\/svg><\/span>\n\t\t\t<span class='e-closed'><svg aria-hidden=\"true\" class=\"e-font-icon-svg e-fas-chevron-down\" viewBox=\"0 0 448 512\" xmlns=\"http:\/\/www.w3.org\/2000\/svg\"><path d=\"M207.029 381.476L12.686 187.132c-9.373-9.373-9.373-24.569 0-33.941l22.667-22.667c9.357-9.357 24.522-9.375 33.901-.04L224 284.505l154.745-154.021c9.379-9.335 24.544-9.317 33.901.04l22.667 22.667c9.373 9.373 9.373 24.569 0 33.941L240.971 381.476c-9.373 9.372-24.569 9.372-33.942 0z\"><\/path><\/svg><\/span>\n\t\t<\/span>\n\n\t\t\t\t\t\t<\/summary>\n\t\t\t\t<div role=\"region\" aria-labelledby=\"e-n-accordion-item-1171\" class=\"elementor-element elementor-element-58a1125 e-con-full e-flex e-con e-child\" data-id=\"58a1125\" data-element_type=\"container\" data-e-type=\"container\">\n\t\t\t\t<div class=\"elementor-element elementor-element-2d41626 elementor-widget elementor-widget-text-editor\" data-id=\"2d41626\" data-element_type=\"widget\" data-e-type=\"widget\" data-widget_type=\"text-editor.default\">\n\t\t\t\t<div class=\"elementor-widget-container\">\n\t\t\t\t\t\t\t\t\t<p>Low-calorie<\/p>\t\t\t\t\t\t\t\t<\/div>\n\t\t\t\t<\/div>\n\t\t\t\t<div class=\"elementor-element elementor-element-bd72de3 elementor-widget-divider--view-line elementor-widget elementor-widget-divider\" data-id=\"bd72de3\" data-element_type=\"widget\" data-e-type=\"widget\" data-widget_type=\"divider.default\">\n\t\t\t\t<div class=\"elementor-widget-container\">\n\t\t\t\t\t\t\t<div class=\"elementor-divider\">\n\t\t\t<span class=\"elementor-divider-separator\">\n\t\t\t\t\t\t<\/span>\n\t\t<\/div>\n\t\t\t\t\t\t<\/div>\n\t\t\t\t<\/div>\n\t\t\t\t<div class=\"elementor-element elementor-element-725fef1 elementor-widget elementor-widget-text-editor\" data-id=\"725fef1\" data-element_type=\"widget\" data-e-type=\"widget\" data-widget_type=\"text-editor.default\">\n\t\t\t\t<div class=\"elementor-widget-container\">\n\t\t\t\t\t\t\t\t\t<p>Rich in minerals, vitamins, trace elements <br>and antioxidants<\/p>\t\t\t\t\t\t\t\t<\/div>\n\t\t\t\t<\/div>\n\t\t\t\t<div class=\"elementor-element elementor-element-f5ed412 elementor-widget-divider--view-line elementor-widget elementor-widget-divider\" data-id=\"f5ed412\" data-element_type=\"widget\" data-e-type=\"widget\" data-widget_type=\"divider.default\">\n\t\t\t\t<div class=\"elementor-widget-container\">\n\t\t\t\t\t\t\t<div class=\"elementor-divider\">\n\t\t\t<span class=\"elementor-divider-separator\">\n\t\t\t\t\t\t<\/span>\n\t\t<\/div>\n\t\t\t\t\t\t<\/div>\n\t\t\t\t<\/div>\n\t\t\t\t<div class=\"elementor-element elementor-element-f244a9c elementor-widget elementor-widget-text-editor\" data-id=\"f244a9c\" data-element_type=\"widget\" data-e-type=\"widget\" data-widget_type=\"text-editor.default\">\n\t\t\t\t<div class=\"elementor-widget-container\">\n\t\t\t\t\t\t\t\t\t<p>Contains glycogen<\/p>\t\t\t\t\t\t\t\t<\/div>\n\t\t\t\t<\/div>\n\t\t\t\t<\/div>\n\t\t\t\t\t<\/details>\n\t\t\t\t\t<\/div>\n\t\t\t\t\t\t<\/div>\n\t\t\t\t<\/div>\n\t\t\t\t<\/div>\n\t\t<div class=\"elementor-element elementor-element-b7b1efd e-con-full e-flex elementor-invisible e-con e-child\" data-id=\"b7b1efd\" data-element_type=\"container\" data-e-type=\"container\" data-settings=\"{&quot;animation&quot;:&quot;fadeInRight&quot;}\">\n\t\t\t\t<div class=\"elementor-element elementor-element-69de8d69 elementor-widget__width-initial elementor-widget elementor-widget-image\" data-id=\"69de8d69\" data-element_type=\"widget\" data-e-type=\"widget\" data-widget_type=\"image.default\">\n\t\t\t\t<div class=\"elementor-widget-container\">\n\t\t\t\t\t\t\t\t\t\t\t\t\t\t\t<img decoding=\"async\" src=\"https:\/\/vialade.fr\/wp-content\/uploads\/2026\/04\/Feuille-de-champignon-1.jpg\" title=\"Feuille de champignon\" alt=\"Feuille de champignon\" loading=\"lazy\" \/>\t\t\t\t\t\t\t\t\t\t\t\t\t\t\t<\/div>\n\t\t\t\t<\/div>\n\t\t\t\t<\/div>\n\t\t\t\t<div class=\"elementor-element elementor-element-6fd513d3 elementor-absolute animated-slow elementor-hidden-tablet elementor-hidden-mobile elementor-invisible elementor-widget elementor-widget-image\" data-id=\"6fd513d3\" data-element_type=\"widget\" data-e-type=\"widget\" data-settings=\"{&quot;_position&quot;:&quot;absolute&quot;,&quot;motion_fx_motion_fx_scrolling&quot;:&quot;yes&quot;,&quot;motion_fx_translateY_effect&quot;:&quot;yes&quot;,&quot;_animation&quot;:&quot;fadeIn&quot;,&quot;motion_fx_translateY_speed&quot;:{&quot;unit&quot;:&quot;px&quot;,&quot;size&quot;:4,&quot;sizes&quot;:[]},&quot;motion_fx_translateY_affectedRange&quot;:{&quot;unit&quot;:&quot;%&quot;,&quot;size&quot;:&quot;&quot;,&quot;sizes&quot;:{&quot;start&quot;:0,&quot;end&quot;:100}},&quot;motion_fx_devices&quot;:[&quot;desktop&quot;,&quot;tablet&quot;,&quot;mobile&quot;]}\" data-widget_type=\"image.default\">\n\t\t\t\t<div class=\"elementor-widget-container\">\n\t\t\t\t\t\t\t\t\t\t\t\t\t\t\t<img fetchpriority=\"high\" decoding=\"async\" width=\"378\" height=\"339\" src=\"https:\/\/vialade.fr\/wp-content\/uploads\/2024\/09\/feuilles-3.png\" class=\"attachment-medium_large size-medium_large wp-image-1476\" alt=\"Feuille d&#039;automne qui tombent\" srcset=\"https:\/\/vialade.fr\/wp-content\/uploads\/2024\/09\/feuilles-3.png 378w, https:\/\/vialade.fr\/wp-content\/uploads\/2024\/09\/feuilles-3-300x269.png 300w\" sizes=\"(max-width: 378px) 100vw, 378px\" \/>\t\t\t\t\t\t\t\t\t\t\t\t\t\t\t<\/div>\n\t\t\t\t<\/div>\n\t\t\t\t<\/div>\n\t\t<div class=\"elementor-element elementor-element-4a77579a e-con-full e-flex e-con e-parent\" data-id=\"4a77579a\" data-element_type=\"container\" data-e-type=\"container\">\n\t\t<div class=\"elementor-element elementor-element-5172573 e-con-full e-flex e-con e-child\" data-id=\"5172573\" data-element_type=\"container\" data-e-type=\"container\">\n\t\t\t\t<div class=\"elementor-element elementor-element-20e701e elementor-widget__width-initial elementor-widget elementor-widget-heading\" data-id=\"20e701e\" data-element_type=\"widget\" data-e-type=\"widget\" data-widget_type=\"heading.default\">\n\t\t\t\t<div class=\"elementor-widget-container\">\n\t\t\t\t\t<h2 class=\"elementor-heading-title elementor-size-default\">Pourquoi l\u2019adopter ?<\/h2>\t\t\t\t<\/div>\n\t\t\t\t<\/div>\n\t\t\t\t<div class=\"elementor-element elementor-element-c253c72 elementor-widget__width-initial elementor-widget elementor-widget-text-editor\" data-id=\"c253c72\" data-element_type=\"widget\" data-e-type=\"widget\" data-widget_type=\"text-editor.default\">\n\t\t\t\t<div class=\"elementor-widget-container\">\n\t\t\t\t\t\t\t\t\t<ul><li data-section-id=\"m6ad0b\" data-start=\"2078\" data-end=\"2141\">Apporte une <strong data-start=\"2092\" data-end=\"2139\">saveur originale et naturelle de champignon<\/strong><\/li><li data-section-id=\"7zzyzk\" data-start=\"2142\" data-end=\"2192\">Permet de <strong data-start=\"2154\" data-end=\"2190\">varier les textures et les go\u00fbts<\/strong><\/li><li data-section-id=\"unzknk\" data-start=\"2193\" data-end=\"2244\">Id\u00e9ale pour une <strong data-start=\"2211\" data-end=\"2242\">cuisine cr\u00e9ative et moderne<\/strong><\/li><li data-section-id=\"1dq60wg\" data-start=\"2245\" data-end=\"2306\">Produit \u00e0 la fois <strong data-start=\"2265\" data-end=\"2304\">esth\u00e9tique, gourmand et responsable<\/strong><\/li><\/ul><div>\u00a0<\/div>\t\t\t\t\t\t\t\t<\/div>\n\t\t\t\t<\/div>\n\t\t\t\t<\/div>\n\t\t\t\t<\/div>\n\t\t<div class=\"elementor-element elementor-element-73d76abb e-con-full e-flex e-con e-parent\" data-id=\"73d76abb\" data-element_type=\"container\" data-e-type=\"container\" data-settings=\"{&quot;background_background&quot;:&quot;classic&quot;}\">\n\t\t<div class=\"elementor-element elementor-element-25083833 e-con-full e-flex elementor-invisible e-con e-child\" data-id=\"25083833\" data-element_type=\"container\" data-e-type=\"container\" data-settings=\"{&quot;animation&quot;:&quot;fadeInLeft&quot;}\">\n\t\t\t\t<div class=\"elementor-element elementor-element-3c0c1bae elementor-widget__width-initial elementor-widget elementor-widget-heading\" data-id=\"3c0c1bae\" data-element_type=\"widget\" data-e-type=\"widget\" data-widget_type=\"heading.default\">\n\t\t\t\t<div class=\"elementor-widget-container\">\n\t\t\t\t\t<h2 class=\"elementor-heading-title elementor-size-default\">at<br> the plate...<\/h2>\t\t\t\t<\/div>\n\t\t\t\t<\/div>\n\t\t\t\t<div class=\"elementor-element elementor-element-85232c6 elementor-widget elementor-widget-text-editor\" data-id=\"85232c6\" data-element_type=\"widget\" data-e-type=\"widget\" data-widget_type=\"text-editor.default\">\n\t\t\t\t<div class=\"elementor-widget-container\">\n\t\t\t\t\t\t\t\t\t<p data-start=\"1033\" data-end=\"1142\">La feuille de champignon est id\u00e9ale pour <strong data-start=\"1074\" data-end=\"1096\">sublimer les plats<\/strong> aussi bien visuellement que gustativement :<\/p><ul data-start=\"1143\" data-end=\"1372\"><li data-section-id=\"11271on\" data-start=\"1143\" data-end=\"1201\">En <strong data-start=\"1148\" data-end=\"1173\">d\u00e9coration d\u2019assiette<\/strong>, pour une touche \u00e9l\u00e9gante<\/li><li data-section-id=\"wpip9g\" data-start=\"1202\" data-end=\"1253\">En <strong data-start=\"1207\" data-end=\"1217\">salade<\/strong>, pour apporter une note originale<\/li><li data-section-id=\"14k3g0z\" data-start=\"1254\" data-end=\"1305\">En <strong data-start=\"1259\" data-end=\"1303\">accompagnement de plats chauds ou froids<\/strong><\/li><li data-section-id=\"1jabf45\" data-start=\"1306\" data-end=\"1372\">En <strong data-start=\"1311\" data-end=\"1336\">cuisine gastronomique<\/strong>, pour renforcer les saveurs umami<\/li><\/ul><p data-start=\"1374\" data-end=\"1465\">\ud83d\udca1 Elle s\u2019utilise principalement <strong data-start=\"1407\" data-end=\"1415\">crue<\/strong>, afin de pr\u00e9server toute sa finesse et son ar\u00f4me.<\/p><h5 data-start=\"1374\" data-end=\"1465\"><strong>Recette<\/strong> :\u00a0Salade gourmande \u00e0 la feuille de champignon<\/h5><p data-start=\"124\" data-end=\"235\">Une recette fra\u00eeche et originale, parfaite pour mettre en valeur le go\u00fbt <strong data-start=\"197\" data-end=\"206\">umami<\/strong> de la feuille de champignon.<\/p><p data-section-id=\"fxsg2m\" data-start=\"237\" data-end=\"276\"><span style=\"text-decoration: underline;\">\ud83e\uddfa Ingr\u00e9dients (pour 2 personnes)<\/span><\/p><ul><li>Une poign\u00e9e de <strong data-start=\"294\" data-end=\"320\">feuilles de champignon<\/strong><\/li><li>1 burrata ou mozzarella<\/li><li>Quelques tomates cerises<\/li><li>1 poign\u00e9e de roquette<\/li><li>Huile d\u2019olive<\/li><li>Sel, poivre<\/li><li>Un filet de jus de citron<\/li><\/ul><p data-section-id=\"1oehbjx\" data-start=\"476\" data-end=\"497\"><span style=\"text-decoration: underline;\">Pr\u00e9paration<\/span><\/p><ol data-start=\"499\" data-end=\"832\"><li data-section-id=\"wex2hk\" data-start=\"499\" data-end=\"569\">Lavez d\u00e9licatement les feuilles de champignon et la roquette.<\/li><li data-section-id=\"m4bb4h\" data-start=\"570\" data-end=\"610\">Coupez les tomates cerises en deux.<\/li><li data-section-id=\"gxe3as\" data-start=\"611\" data-end=\"685\">Disposez la roquette et les feuilles de champignon dans une assiette.<\/li><li data-section-id=\"1bay6r2\" data-start=\"686\" data-end=\"745\">Ajoutez la burrata au centre, puis les tomates autour.<\/li><li data-section-id=\"1x18xpp\" data-start=\"746\" data-end=\"832\">Assaisonnez avec un filet d\u2019huile d\u2019olive, un peu de citron, du sel et du poivre.<\/li><\/ol>\t\t\t\t\t\t\t\t<\/div>\n\t\t\t\t<\/div>\n\t\t\t\t<\/div>\n\t\t<div class=\"elementor-element elementor-element-3a8baf96 e-con-full e-flex e-con e-child\" data-id=\"3a8baf96\" data-element_type=\"container\" data-e-type=\"container\">\n\t\t<div class=\"elementor-element elementor-element-4f0212d e-con-full e-flex e-con e-child\" data-id=\"4f0212d\" data-element_type=\"container\" data-e-type=\"container\">\n\t\t\t\t<div class=\"elementor-element elementor-element-539662b5 elementor-widget__width-initial elementor-invisible elementor-widget elementor-widget-image\" data-id=\"539662b5\" data-element_type=\"widget\" data-e-type=\"widget\" data-settings=\"{&quot;_animation&quot;:&quot;fadeInUp&quot;}\" data-widget_type=\"image.default\">\n\t\t\t\t<div class=\"elementor-widget-container\">\n\t\t\t\t\t\t\t\t\t\t\t\t\t\t\t\t<a href=\"https:\/\/www.instagram.com\/p\/DV_IX-liCOM\/\" target=\"_blank\" rel=\"noopener\">\n\t\t\t\t\t\t\t<img decoding=\"async\" width=\"1024\" height=\"1536\" src=\"https:\/\/vialade.fr\/wp-content\/uploads\/2026\/04\/Salade-feuille-de-champignon.png\" class=\"attachment-1536x1536 size-1536x1536 wp-image-4081\" alt=\"Salade feuille de champignon\" srcset=\"https:\/\/vialade.fr\/wp-content\/uploads\/2026\/04\/Salade-feuille-de-champignon.png 1024w, https:\/\/vialade.fr\/wp-content\/uploads\/2026\/04\/Salade-feuille-de-champignon-200x300.png 200w, https:\/\/vialade.fr\/wp-content\/uploads\/2026\/04\/Salade-feuille-de-champignon-683x1024.png 683w, https:\/\/vialade.fr\/wp-content\/uploads\/2026\/04\/Salade-feuille-de-champignon-768x1152.png 768w\" sizes=\"(max-width: 1024px) 100vw, 1024px\" \/>\t\t\t\t\t\t\t\t<\/a>\n\t\t\t\t\t\t\t\t\t\t\t\t\t\t\t<\/div>\n\t\t\t\t<\/div>\n\t\t\t\t<\/div>\n\t\t\t\t<\/div>\n\t\t\t\t<\/div>\n\t\t<div class=\"elementor-element elementor-element-7cf289e e-flex e-con-boxed e-con e-parent\" data-id=\"7cf289e\" data-element_type=\"container\" data-e-type=\"container\">\n\t\t\t\t\t<div class=\"e-con-inner\">\n\t\t<div class=\"elementor-element elementor-element-b03ca47 e-con-full e-flex e-con e-child\" data-id=\"b03ca47\" data-element_type=\"container\" data-e-type=\"container\">\n\t\t\t\t<\/div>\n\t\t\t\t\t<\/div>\n\t\t\t\t<\/div>\n\t\t<div class=\"elementor-element elementor-element-91fd1eb e-con-full e-flex e-con e-parent\" data-id=\"91fd1eb\" data-element_type=\"container\" data-e-type=\"container\">\n\t\t\t\t<\/div>\n\t\t<div class=\"elementor-element elementor-element-caba791 e-flex e-con-boxed e-con e-parent\" data-id=\"caba791\" data-element_type=\"container\" data-e-type=\"container\">\n\t\t\t\t\t<div class=\"e-con-inner\">\n\t\t\t\t\t<\/div>\n\t\t\t\t<\/div>\n\t\t<div class=\"elementor-element elementor-element-61f21a3 e-flex e-con-boxed e-con e-parent\" data-id=\"61f21a3\" data-element_type=\"container\" data-e-type=\"container\">\n\t\t\t\t\t<div class=\"e-con-inner\">\n\t\t\t\t<div class=\"elementor-element elementor-element-b704bea elementor-widget elementor-widget-text-editor\" data-id=\"b704bea\" data-element_type=\"widget\" data-e-type=\"widget\" data-widget_type=\"text-editor.default\">\n\t\t\t\t<div class=\"elementor-widget-container\">\n\t\t\t\t\t\t\t\t\t<h3 data-section-id=\"14fati6\" data-start=\"1472\" data-end=\"1507\"><span role=\"text\">\ud83c\udf3f <strong data-start=\"1479\" data-end=\"1505\">Une production engag\u00e9e<\/strong><\/span><\/h3><p data-start=\"1509\" data-end=\"1652\">Les feuilles sont issues d\u2019une culture respectueuse de l\u2019environnement, bas\u00e9e sur des pratiques <strong data-start=\"1605\" data-end=\"1648\">\u00e9coresponsables, naturelles et durables<\/strong> :<\/p><ul data-start=\"1654\" data-end=\"2037\"><li data-section-id=\"ose6w2\" data-start=\"1654\" data-end=\"1809\">\ud83c\udf31 <strong data-start=\"1659\" data-end=\"1677\">\u00c9coresponsable<\/strong> : culture en pleine terre favorisant la biodiversit\u00e9 locale et une r\u00e9colte \u00e0 maturit\u00e9 optimale pour garantir fra\u00eecheur et qualit\u00e9<\/li><li data-section-id=\"1aez3o8\" data-start=\"1810\" data-end=\"1937\">\u267b\ufe0f <strong data-start=\"1815\" data-end=\"1833\">Traditionnelle<\/strong> : valorisation des ressources naturelles avec la fabrication de compost \u00e0 partir des r\u00e9sidus v\u00e9g\u00e9taux<\/li><li data-section-id=\"194rdnk\" data-start=\"1938\" data-end=\"2037\">\ud83c\udf3f <strong data-start=\"1943\" data-end=\"1956\">Naturelle<\/strong> : s\u00e9lection et reproduction des plantes sur place, sans modification g\u00e9n\u00e9tique<\/li><\/ul>\t\t\t\t\t\t\t\t<\/div>\n\t\t\t\t<\/div>\n\t\t\t\t\t<\/div>\n\t\t\t\t<\/div>\n\t\t<div class=\"elementor-element elementor-element-851d046 e-flex e-con-boxed e-con e-parent\" data-id=\"851d046\" data-element_type=\"container\" data-e-type=\"container\">\n\t\t\t\t\t<div class=\"e-con-inner\">\n\t\t<div class=\"elementor-element elementor-element-e34288f e-con-full e-flex e-con e-child\" data-id=\"e34288f\" data-element_type=\"container\" data-e-type=\"container\">\n\t\t\t\t<\/div>\n\t\t\t\t\t<\/div>\n\t\t\t\t<\/div>\n\t\t\t\t<\/div>\n\t\t","protected":false},"excerpt":{"rendered":"<p>Natural compost&#8230; La feuille de champignon est un produit original et surprenant, appr\u00e9ci\u00e9 pour son go\u00fbt naturellement proche du champignon frais. D\u2019un vert fonc\u00e9 brillant, elle se distingue par sa forme ovale et sa texture douce, apportant \u00e0 la fois \u00e9l\u00e9gance visuelle et int\u00e9r\u00eat gustatif dans l\u2019assiette. Encore peu connue, cette feuille s\u00e9duit de plus [&hellip;]<\/p>\n","protected":false},"author":3,"featured_media":4096,"parent":3861,"menu_order":0,"comment_status":"closed","ping_status":"closed","template":"","meta":{"inline_featured_image":false,"footnotes":""},"class_list":["post-4092","page","type-page","status-publish","has-post-thumbnail","hentry"],"_links":{"self":[{"href":"https:\/\/vialade.fr\/en\/wp-json\/wp\/v2\/pages\/4092","targetHints":{"allow":["GET"]}}],"collection":[{"href":"https:\/\/vialade.fr\/en\/wp-json\/wp\/v2\/pages"}],"about":[{"href":"https:\/\/vialade.fr\/en\/wp-json\/wp\/v2\/types\/page"}],"author":[{"embeddable":true,"href":"https:\/\/vialade.fr\/en\/wp-json\/wp\/v2\/users\/3"}],"replies":[{"embeddable":true,"href":"https:\/\/vialade.fr\/en\/wp-json\/wp\/v2\/comments?post=4092"}],"version-history":[{"count":2,"href":"https:\/\/vialade.fr\/en\/wp-json\/wp\/v2\/pages\/4092\/revisions"}],"predecessor-version":[{"id":4100,"href":"https:\/\/vialade.fr\/en\/wp-json\/wp\/v2\/pages\/4092\/revisions\/4100"}],"up":[{"embeddable":true,"href":"https:\/\/vialade.fr\/en\/wp-json\/wp\/v2\/pages\/3861"}],"wp:featuredmedia":[{"embeddable":true,"href":"https:\/\/vialade.fr\/en\/wp-json\/wp\/v2\/media\/4096"}],"wp:attachment":[{"href":"https:\/\/vialade.fr\/en\/wp-json\/wp\/v2\/media?parent=4092"}],"curies":[{"name":"wp","href":"https:\/\/api.w.org\/{rel}","templated":true}]}}